{"id":6195,"date":"2017-03-30T13:06:17","date_gmt":"2017-03-30T11:06:17","guid":{"rendered":"https:\/\/mobycon-en.local\/neuigkeiten\/"},"modified":"2023-12-12T10:33:02","modified_gmt":"2023-12-12T09:33:02","slug":"neuigkeiten","status":"publish","type":"page","link":"https:\/\/mobycon.com\/de\/neuigkeiten\/","title":{"rendered":"Aktuelles"},"content":{"rendered":"\n<div class=\"wp-block-cover alignfull is-light\" style=\"min-height:540px;aspect-ratio:unset;\"><span aria-hidden=\"true\" class=\"wp-block-cover__background has-background-dim-0 has-background-dim\"><\/span><img decoding=\"async\" class=\"wp-block-cover__image-background wp-image-3956\" alt=\"\" src=\"https:\/\/www.mobycon.nl\/wp-content\/uploads\/2023\/01\/Website-fotos-2023-7.jpg\" style=\"object-position:46% 50%\" data-object-fit=\"cover\" data-object-position=\"46% 50%\"\/><div class=\"wp-block-cover__inner-container is-layout-flow wp-block-cover-is-layout-flow\">\n<h2 class=\"wp-block-heading has-text-align-center has-white-color has-text-color\" style=\"font-size:56px\"><strong>Aktuelles<\/strong><\/h2>\n<\/div><\/div>\n\n<div class=\"wp-block-group is-layout-constrained wp-container-core-group-is-layout-9a69a910 wp-block-group-is-layout-constrained\">\n<div style=\"height:40px\" aria-hidden=\"true\" class=\"wp-block-spacer\"><\/div>\n\n\n\n<p class=\"has-text-align-center\">Der Mobilit\u00e4tssektor entwickelt und ver\u00e4ndert sich pausenlos. Lesen Sie, wie Mobycon zur Verbesserung der Mobilit\u00e4t und des \u00f6ffentlichen Raums beitr\u00e4gt, neue Trends erforscht und sich auf Veranstaltungen weltweit vernetzt.<\/p>\n\n\n\n<div style=\"height:40px\" aria-hidden=\"true\" class=\"wp-block-spacer\"><\/div>\n<\/div>\n","protected":false},"excerpt":{"rendered":"<p>Der Mobilit\u00e4tssektor entwickelt und ver\u00e4ndert sich pausenlos. Lesen Sie, wie Mobycon zur Verbesserung der Mobilit\u00e4t und des \u00f6ffentlichen Raums beitr\u00e4gt, neue Trends erforscht und sich auf Veranstaltungen weltweit vernetzt.<\/p>\n","protected":false},"author":8,"featured_media":4237,"parent":0,"menu_order":5,"comment_status":"closed","ping_status":"closed","template":"tpl-blog.php","meta":{"_acf_changed":false,"inline_featured_image":false,"footnotes":""},"services_taxonomy":[],"class_list":["post-6195","page","type-page","status-publish","has-post-thumbnail","hentry"],"acf":{"kleur":"","icoon":""},"yoast_head":"<!-- This site is optimized with the Yoast SEO plugin v27.1.1 - https:\/\/yoast.com\/product\/yoast-seo-wordpress\/ -->\n<title>Aktuelles - Mobycon<\/title>\n<meta name=\"description\" content=\"Erfahren Sie von unseren Experten mehr \u00fcber unsere Arbeit, was uns inspiriert und wie wir dazu inspiriert werden, weiterhin nachhaltige Mobilit\u00e4tsl\u00f6sungen zu entwerfen und zu planen.\" \/>\n<meta name=\"robots\" content=\"index, follow, max-snippet:-1, max-image-preview:large, max-video-preview:-1\" \/>\n<link rel=\"canonical\" href=\"https:\/\/mobycon.com\/de\/neuigkeiten\/\" \/>\n<meta property=\"og:locale\" content=\"de_DE\" \/>\n<meta property=\"og:type\" content=\"article\" \/>\n<meta property=\"og:title\" content=\"Mobycon Neuigkeiten\" \/>\n<meta property=\"og:description\" content=\"Erfahren Sie von unseren Experten mehr \u00fcber unsere Arbeit, was uns inspiriert und wie wir dazu inspiriert werden, weiterhin nachhaltige Mobilit\u00e4tsl\u00f6sungen zu entwerfen und zu planen.\" \/>\n<meta property=\"og:url\" content=\"https:\/\/mobycon.com\/de\/neuigkeiten\/\" \/>\n<meta property=\"og:site_name\" content=\"Mobycon\" \/>\n<meta property=\"article:modified_time\" content=\"2023-12-12T09:33:02+00:00\" \/>\n<meta property=\"og:image\" content=\"https:\/\/mobycon.com\/wp-content\/uploads\/2019\/09\/Delft.Cycle-Track.2019-08-27-600x400.jpg\" \/>\n<meta name=\"twitter:card\" content=\"summary_large_image\" \/>\n<meta name=\"twitter:title\" content=\"Mobycon Neuigkeiten\" \/>\n<meta name=\"twitter:description\" content=\"Erfahren Sie von unseren Experten mehr \u00fcber unsere Arbeit, was uns inspiriert und wie wir dazu inspiriert werden, weiterhin nachhaltige Mobilit\u00e4tsl\u00f6sungen zu entwerfen und zu planen.\" \/>\n<meta name=\"twitter:image\" content=\"https:\/\/mobycon.com\/wp-content\/uploads\/2019\/09\/Delft.Cycle-Track.2019-08-27-600x400.jpg\" \/>\n<script type=\"application\/ld+json\" class=\"yoast-schema-graph\">{\"@context\":\"https:\/\/schema.org\",\"@graph\":[{\"@type\":\"WebPage\",\"@id\":\"https:\/\/mobycon.com\/de\/neuigkeiten\/\",\"url\":\"https:\/\/mobycon.com\/de\/neuigkeiten\/\",\"name\":\"Aktuelles - Mobycon\",\"isPartOf\":{\"@id\":\"https:\/\/mobycon.com\/de\/#website\"},\"primaryImageOfPage\":{\"@id\":\"https:\/\/mobycon.com\/de\/neuigkeiten\/#primaryimage\"},\"image\":{\"@id\":\"https:\/\/mobycon.com\/de\/neuigkeiten\/#primaryimage\"},\"thumbnailUrl\":\"https:\/\/mobycon.com\/wp-content\/uploads\/2019\/09\/Delft.Cycle-Track.2019-08-27-600x400.jpg\",\"datePublished\":\"2017-03-30T11:06:17+00:00\",\"dateModified\":\"2023-12-12T09:33:02+00:00\",\"description\":\"Erfahren Sie von unseren Experten mehr \u00fcber unsere Arbeit, was uns inspiriert und wie wir dazu inspiriert werden, weiterhin nachhaltige Mobilit\u00e4tsl\u00f6sungen zu entwerfen und zu planen.\",\"breadcrumb\":{\"@id\":\"https:\/\/mobycon.com\/de\/neuigkeiten\/#breadcrumb\"},\"inLanguage\":\"de\",\"potentialAction\":[{\"@type\":\"ReadAction\",\"target\":[\"https:\/\/mobycon.com\/de\/neuigkeiten\/\"]}]},{\"@type\":\"ImageObject\",\"inLanguage\":\"de\",\"@id\":\"https:\/\/mobycon.com\/de\/neuigkeiten\/#primaryimage\",\"url\":\"https:\/\/mobycon.com\/wp-content\/uploads\/2019\/09\/Delft.Cycle-Track.2019-08-27-600x400.jpg\",\"contentUrl\":\"https:\/\/mobycon.com\/wp-content\/uploads\/2019\/09\/Delft.Cycle-Track.2019-08-27-600x400.jpg\",\"width\":600,\"height\":399},{\"@type\":\"BreadcrumbList\",\"@id\":\"https:\/\/mobycon.com\/de\/neuigkeiten\/#breadcrumb\",\"itemListElement\":[{\"@type\":\"ListItem\",\"position\":1,\"name\":\"Home\",\"item\":\"https:\/\/mobycon.com\/de\/\"},{\"@type\":\"ListItem\",\"position\":2,\"name\":\"Aktuelles\"}]},{\"@type\":\"WebSite\",\"@id\":\"https:\/\/mobycon.com\/de\/#website\",\"url\":\"https:\/\/mobycon.com\/de\/\",\"name\":\"Mobycon\",\"description\":\"Mobility Happiness\",\"potentialAction\":[{\"@type\":\"SearchAction\",\"target\":{\"@type\":\"EntryPoint\",\"urlTemplate\":\"https:\/\/mobycon.com\/de\/?s={search_term_string}\"},\"query-input\":{\"@type\":\"PropertyValueSpecification\",\"valueRequired\":true,\"valueName\":\"search_term_string\"}}],\"inLanguage\":\"de\"}]}<\/script>\n<!-- \/ Yoast SEO plugin. -->","yoast_head_json":{"title":"Aktuelles - Mobycon","description":"Erfahren Sie von unseren Experten mehr \u00fcber unsere Arbeit, was uns inspiriert und wie wir dazu inspiriert werden, weiterhin nachhaltige Mobilit\u00e4tsl\u00f6sungen zu entwerfen und zu planen.","robots":{"index":"index","follow":"follow","max-snippet":"max-snippet:-1","max-image-preview":"max-image-preview:large","max-video-preview":"max-video-preview:-1"},"canonical":"https:\/\/mobycon.com\/de\/neuigkeiten\/","og_locale":"de_DE","og_type":"article","og_title":"Mobycon Neuigkeiten","og_description":"Erfahren Sie von unseren Experten mehr \u00fcber unsere Arbeit, was uns inspiriert und wie wir dazu inspiriert werden, weiterhin nachhaltige Mobilit\u00e4tsl\u00f6sungen zu entwerfen und zu planen.","og_url":"https:\/\/mobycon.com\/de\/neuigkeiten\/","og_site_name":"Mobycon","article_modified_time":"2023-12-12T09:33:02+00:00","og_image":[{"url":"https:\/\/mobycon.com\/wp-content\/uploads\/2019\/09\/Delft.Cycle-Track.2019-08-27-600x400.jpg","type":"","width":"","height":""}],"twitter_card":"summary_large_image","twitter_title":"Mobycon Neuigkeiten","twitter_description":"Erfahren Sie von unseren Experten mehr \u00fcber unsere Arbeit, was uns inspiriert und wie wir dazu inspiriert werden, weiterhin nachhaltige Mobilit\u00e4tsl\u00f6sungen zu entwerfen und zu planen.","twitter_image":"https:\/\/mobycon.com\/wp-content\/uploads\/2019\/09\/Delft.Cycle-Track.2019-08-27-600x400.jpg","schema":{"@context":"https:\/\/schema.org","@graph":[{"@type":"WebPage","@id":"https:\/\/mobycon.com\/de\/neuigkeiten\/","url":"https:\/\/mobycon.com\/de\/neuigkeiten\/","name":"Aktuelles - Mobycon","isPartOf":{"@id":"https:\/\/mobycon.com\/de\/#website"},"primaryImageOfPage":{"@id":"https:\/\/mobycon.com\/de\/neuigkeiten\/#primaryimage"},"image":{"@id":"https:\/\/mobycon.com\/de\/neuigkeiten\/#primaryimage"},"thumbnailUrl":"https:\/\/mobycon.com\/wp-content\/uploads\/2019\/09\/Delft.Cycle-Track.2019-08-27-600x400.jpg","datePublished":"2017-03-30T11:06:17+00:00","dateModified":"2023-12-12T09:33:02+00:00","description":"Erfahren Sie von unseren Experten mehr \u00fcber unsere Arbeit, was uns inspiriert und wie wir dazu inspiriert werden, weiterhin nachhaltige Mobilit\u00e4tsl\u00f6sungen zu entwerfen und zu planen.","breadcrumb":{"@id":"https:\/\/mobycon.com\/de\/neuigkeiten\/#breadcrumb"},"inLanguage":"de","potentialAction":[{"@type":"ReadAction","target":["https:\/\/mobycon.com\/de\/neuigkeiten\/"]}]},{"@type":"ImageObject","inLanguage":"de","@id":"https:\/\/mobycon.com\/de\/neuigkeiten\/#primaryimage","url":"https:\/\/mobycon.com\/wp-content\/uploads\/2019\/09\/Delft.Cycle-Track.2019-08-27-600x400.jpg","contentUrl":"https:\/\/mobycon.com\/wp-content\/uploads\/2019\/09\/Delft.Cycle-Track.2019-08-27-600x400.jpg","width":600,"height":399},{"@type":"BreadcrumbList","@id":"https:\/\/mobycon.com\/de\/neuigkeiten\/#breadcrumb","itemListElement":[{"@type":"ListItem","position":1,"name":"Home","item":"https:\/\/mobycon.com\/de\/"},{"@type":"ListItem","position":2,"name":"Aktuelles"}]},{"@type":"WebSite","@id":"https:\/\/mobycon.com\/de\/#website","url":"https:\/\/mobycon.com\/de\/","name":"Mobycon","description":"Mobility Happiness","potentialAction":[{"@type":"SearchAction","target":{"@type":"EntryPoint","urlTemplate":"https:\/\/mobycon.com\/de\/?s={search_term_string}"},"query-input":{"@type":"PropertyValueSpecification","valueRequired":true,"valueName":"search_term_string"}}],"inLanguage":"de"}]}},"_links":{"self":[{"href":"https:\/\/mobycon.com\/de\/wp-json\/wp\/v2\/pages\/6195","targetHints":{"allow":["GET"]}}],"collection":[{"href":"https:\/\/mobycon.com\/de\/wp-json\/wp\/v2\/pages"}],"about":[{"href":"https:\/\/mobycon.com\/de\/wp-json\/wp\/v2\/types\/page"}],"author":[{"embeddable":true,"href":"https:\/\/mobycon.com\/de\/wp-json\/wp\/v2\/users\/8"}],"replies":[{"embeddable":true,"href":"https:\/\/mobycon.com\/de\/wp-json\/wp\/v2\/comments?post=6195"}],"version-history":[{"count":3,"href":"https:\/\/mobycon.com\/de\/wp-json\/wp\/v2\/pages\/6195\/revisions"}],"predecessor-version":[{"id":6641,"href":"https:\/\/mobycon.com\/de\/wp-json\/wp\/v2\/pages\/6195\/revisions\/6641"}],"wp:featuredmedia":[{"embeddable":true,"href":"https:\/\/mobycon.com\/de\/wp-json\/wp\/v2\/media\/4237"}],"wp:attachment":[{"href":"https:\/\/mobycon.com\/de\/wp-json\/wp\/v2\/media?parent=6195"}],"wp:term":[{"taxonomy":"services","embeddable":true,"href":"https:\/\/mobycon.com\/de\/wp-json\/wp\/v2\/services_taxonomy?post=6195"}],"curies":[{"name":"wp","href":"https:\/\/api.w.org\/{rel}","templated":true}]}}