{"id":6624,"date":"2023-11-07T10:24:58","date_gmt":"2023-11-07T09:24:58","guid":{"rendered":"https:\/\/mobycon-en.local\/mobycon-academy\/"},"modified":"2026-03-31T14:48:54","modified_gmt":"2026-03-31T12:48:54","slug":"mobycon-academy","status":"publish","type":"page","link":"https:\/\/mobycon.com\/de\/mobycon-academy\/","title":{"rendered":"Mobycon Academy"},"content":{"rendered":"\n<div class=\"wp-block-cover alignfull is-light\" style=\"min-height:540px;aspect-ratio:unset;\"><img decoding=\"async\" class=\"wp-block-cover__image-background wp-image-3964\" alt=\"\" src=\"https:\/\/www.mobycon.nl\/wp-content\/uploads\/2023\/01\/Website-fotos-2023-6.jpg\" style=\"object-position:64% 17%\" data-object-fit=\"cover\" data-object-position=\"64% 17%\"\/><span aria-hidden=\"true\" class=\"wp-block-cover__background has-background-dim-0 has-background-dim\"><\/span><div class=\"wp-block-cover__inner-container is-layout-flow wp-block-cover-is-layout-flow\">\n<h2 class=\"wp-block-heading has-text-align-center has-white-color has-text-color\" style=\"font-size:56px\"><strong>Mobycon Academy<\/strong><\/h2>\n\n\n\n<p class=\"has-text-align-center has-white-color has-text-color has-large-font-size\">Verbinden, Inspirieren <br>und teilen unser Wissen<\/p>\n<\/div><\/div>\n\n\n\n<div class=\"wp-block-group is-layout-constrained wp-container-core-group-is-layout-6b6295e1 wp-block-group-is-layout-constrained\">\n<div style=\"height:40px\" aria-hidden=\"true\" class=\"wp-block-spacer\"><\/div>\n\n\n\n<p class=\"has-text-align-center\">Es ist uns ein Anliegen, unser Wissen weiterzugeben. <\/p>\n\n\n\n<p class=\"has-text-align-center\">Wer den niederl\u00e4ndischen Weg zu einem Fahrradland versteht, seine Planungsprinzipien durchschaut und sich \u00fcber die Erfahrungen anderer L\u00e4nder der Welt informiert, kann wertvolle Schl\u00fcsse f\u00fcr seine Arbeit vor Ort ziehen &#8211; und bessere Ergebnisse erzielen. Weil wir kontinuierliches Lernen als einen zentraler Erfolgsfaktor f\u00fcr alle sehen, bieten wir mit der Mobycon Academy eine kostenlose Online-Plattform an. Neben Pr\u00e4sentationen unserer Expert*innen finden Sie Webinare, Q&amp;A-Sessions, virtuelle Exkursionen und Interviews. Die Mobycon Academy basiert auf dem Fachwissen unserer Expert*innen und erm\u00f6glicht es uns, mit Fachkollegen weltweit in Kontakt zu treten. Die Inhalte werden i.d.R. auf Englisch und in Einzelf\u00e4llen auf Deutsch pr\u00e4sentiert.<\/p>\n\n\n\n<details class=\"wp-block-details is-layout-flow wp-block-details-is-layout-flow\"><summary>Subscribe to Mobycon Academy<\/summary>\n<div id=\"mc_embed_shell\" style=\"border-radius: 10px\">\n      <link href=\"\/\/cdn-images.mailchimp.com\/embedcode\/classic-061523.css\" rel=\"stylesheet\" type=\"text\/css\"\/>\n  <style type=\"text\/css\">\n        #mc_embed_signup{background:#fff; false;clear:left; font:14px Helvetica,Arial,sans-serif; width: 600px;}\n        \/* Add your own Mailchimp form style overrides in your site stylesheet or in this style block.\n           We recommend moving this block and the preceding CSS link to the HEAD of your HTML file. *\/\n<\/style>\n<div id=\"mc_embed_signup\">\n    <form action=\"https:\/\/concordis.us17.list-manage.com\/subscribe\/post?u=e2460a960f276acd64d34db3b&#038;id=430c09d613&#038;f_id=009d46e0f0\" method=\"post\" id=\"mc-embedded-subscribe-form\" name=\"mc-embedded-subscribe-form\" class=\"validate\" target=\"_blank\">\n        <div id=\"mc_embed_signup_scroll\" style=\"text-align: center;\"><h2>Abonnieren Sie die Mobycon Academy<\/h2>\n            <div class=\"indicates-required\"><span class=\"asterisk\">*<\/span> bedeutet erforderlich<\/div>\n            <div class=\"mc-field-group\"><label for=\"mce-EMAIL\">E-Mail Adresse <span class=\"asterisk\">*<\/span><\/label><input type=\"email\" name=\"EMAIL\" class=\"required email\" id=\"mce-EMAIL\" required=\"\" value=\"\"\/><\/div><div class=\"mc-field-group\"><label for=\"mce-FNAME\">Vorname <\/label><input type=\"text\" name=\"FNAME\" class=\" text\" id=\"mce-FNAME\" value=\"\"\/><\/div><div class=\"mc-field-group\"><label for=\"mce-LNAME\">Nachname <\/label><input type=\"text\" name=\"LNAME\" class=\" text\" id=\"mce-LNAME\" value=\"\"\/><\/div>\n        <div id=\"mce-responses\" class=\"clear\">\n            <div class=\"response\" id=\"mce-error-response\" style=\"display: none;\"><\/div>\n            <div class=\"response\" id=\"mce-success-response\" style=\"display: none;\"><\/div>\n        <\/div><div aria-hidden=\"true\" style=\"position: absolute; left: -5000px;\"><input type=\"text\" name=\"b_e2460a960f276acd64d34db3b_430c09d613\" tabindex=\"-1\" value=\"\"\/><\/div><div class=\"clear\"><input type=\"submit\" name=\"subscribe\" id=\"mc-embedded-subscribe\" class=\"button\" value=\"Abonnieren\"\/><\/div>\n    <\/div>\n<\/form>\n<\/div>\n<script type=\"text\/javascript\" src=\"\/\/s3.amazonaws.com\/downloads.mailchimp.com\/js\/mc-validate.js\"><\/script><script type=\"text\/javascript\">(function($) {window.fnames = new Array(); window.ftypes = new Array();fnames[0]='EMAIL';ftypes[0]='email';fnames[1]='FNAME';ftypes[1]='text';fnames[2]='LNAME';ftypes[2]='text';fnames[3]='ADDRESS';ftypes[3]='address';fnames[4]='PHONE';ftypes[4]='phone';}(jQuery));var $mcj = jQuery.noConflict(true);<\/script><\/div>\n<\/details>\n\n\n\n<div style=\"height:30px\" aria-hidden=\"true\" class=\"wp-block-spacer\"><\/div>\n\n\n\n<hr class=\"wp-block-separator has-alpha-channel-opacity\"\/>\n\n\n\n<div style=\"height:40px\" aria-hidden=\"true\" class=\"wp-block-spacer\"><\/div>\n<\/div>\n\n\n<p>[yotuwp type=&#8220;playlist&#8220; id=&#8220;PLSNd0Z71dQZnOEn55_m4LWs75emjKqUCe&#8220;]<\/p>\n","protected":false},"excerpt":{"rendered":"<p>Es ist uns ein Anliegen, unser Wissen weiterzugeben. Wer den niederl\u00e4ndischen Weg zu einem Fahrradland versteht, seine Planungsprinzipien durchschaut und sich \u00fcber die Erfahrungen anderer L\u00e4nder der Welt informiert, kann wertvolle Schl\u00fcsse f\u00fcr seine Arbeit vor Ort ziehen &#8211; und bessere Ergebnisse erzielen. Weil wir kontinuierliches Lernen als einen zentraler Erfolgsfaktor f\u00fcr alle sehen, bieten [&hellip;]<\/p>\n","protected":false},"author":9,"featured_media":0,"parent":0,"menu_order":0,"comment_status":"closed","ping_status":"closed","template":"tpl-home-gutenberg.php","meta":{"_acf_changed":false,"inline_featured_image":false,"footnotes":""},"services_taxonomy":[],"class_list":["post-6624","page","type-page","status-publish","hentry"],"acf":{"kleur":"","icoon":""},"yoast_head":"<!-- This site is optimized with the Yoast SEO plugin v27.1.1 - https:\/\/yoast.com\/product\/yoast-seo-wordpress\/ -->\n<title>Mobycon Academy - Mobycon<\/title>\n<meta name=\"robots\" content=\"index, follow, max-snippet:-1, max-image-preview:large, max-video-preview:-1\" \/>\n<link rel=\"canonical\" href=\"https:\/\/mobycon.com\/de\/mobycon-academy\/\" \/>\n<meta property=\"og:locale\" content=\"de_DE\" \/>\n<meta property=\"og:type\" content=\"article\" \/>\n<meta property=\"og:title\" content=\"Mobycon Academy - Mobycon\" \/>\n<meta property=\"og:description\" content=\"Es ist uns ein Anliegen, unser Wissen weiterzugeben. Wer den niederl\u00e4ndischen Weg zu einem Fahrradland versteht, seine Planungsprinzipien durchschaut und sich \u00fcber die Erfahrungen anderer L\u00e4nder der Welt informiert, kann wertvolle Schl\u00fcsse f\u00fcr seine Arbeit vor Ort ziehen &#8211; und bessere Ergebnisse erzielen. Weil wir kontinuierliches Lernen als einen zentraler Erfolgsfaktor f\u00fcr alle sehen, bieten [&hellip;]\" \/>\n<meta property=\"og:url\" content=\"https:\/\/mobycon.com\/de\/mobycon-academy\/\" \/>\n<meta property=\"og:site_name\" content=\"Mobycon\" \/>\n<meta property=\"article:modified_time\" content=\"2026-03-31T12:48:54+00:00\" \/>\n<meta property=\"og:image\" content=\"https:\/\/mobycon.com\/wp-content\/uploads\/2019\/02\/speed-683x1024.jpg\" \/>\n\t<meta property=\"og:image:width\" content=\"683\" \/>\n\t<meta property=\"og:image:height\" content=\"1024\" \/>\n\t<meta property=\"og:image:type\" content=\"image\/jpeg\" \/>\n<meta name=\"twitter:card\" content=\"summary_large_image\" \/>\n<meta name=\"twitter:label1\" content=\"Gesch\u00e4tzte Lesezeit\" \/>\n\t<meta name=\"twitter:data1\" content=\"1\u00a0Minute\" \/>\n<script type=\"application\/ld+json\" class=\"yoast-schema-graph\">{\"@context\":\"https:\/\/schema.org\",\"@graph\":[{\"@type\":\"WebPage\",\"@id\":\"https:\/\/mobycon.com\/de\/mobycon-academy\/\",\"url\":\"https:\/\/mobycon.com\/de\/mobycon-academy\/\",\"name\":\"Mobycon Academy - Mobycon\",\"isPartOf\":{\"@id\":\"https:\/\/mobycon.com\/de\/#website\"},\"primaryImageOfPage\":{\"@id\":\"https:\/\/mobycon.com\/de\/mobycon-academy\/#primaryimage\"},\"image\":{\"@id\":\"https:\/\/mobycon.com\/de\/mobycon-academy\/#primaryimage\"},\"thumbnailUrl\":\"https:\/\/www.mobycon.nl\/wp-content\/uploads\/2023\/01\/Website-fotos-2023-6.jpg\",\"datePublished\":\"2023-11-07T09:24:58+00:00\",\"dateModified\":\"2026-03-31T12:48:54+00:00\",\"breadcrumb\":{\"@id\":\"https:\/\/mobycon.com\/de\/mobycon-academy\/#breadcrumb\"},\"inLanguage\":\"de\",\"potentialAction\":[{\"@type\":\"ReadAction\",\"target\":[\"https:\/\/mobycon.com\/de\/mobycon-academy\/\"]}]},{\"@type\":\"ImageObject\",\"inLanguage\":\"de\",\"@id\":\"https:\/\/mobycon.com\/de\/mobycon-academy\/#primaryimage\",\"url\":\"https:\/\/www.mobycon.nl\/wp-content\/uploads\/2023\/01\/Website-fotos-2023-6.jpg\",\"contentUrl\":\"https:\/\/www.mobycon.nl\/wp-content\/uploads\/2023\/01\/Website-fotos-2023-6.jpg\"},{\"@type\":\"BreadcrumbList\",\"@id\":\"https:\/\/mobycon.com\/de\/mobycon-academy\/#breadcrumb\",\"itemListElement\":[{\"@type\":\"ListItem\",\"position\":1,\"name\":\"Home\",\"item\":\"https:\/\/mobycon.com\/de\/\"},{\"@type\":\"ListItem\",\"position\":2,\"name\":\"Mobycon Academy\"}]},{\"@type\":\"WebSite\",\"@id\":\"https:\/\/mobycon.com\/de\/#website\",\"url\":\"https:\/\/mobycon.com\/de\/\",\"name\":\"Mobycon\",\"description\":\"Mobility Happiness\",\"potentialAction\":[{\"@type\":\"SearchAction\",\"target\":{\"@type\":\"EntryPoint\",\"urlTemplate\":\"https:\/\/mobycon.com\/de\/?s={search_term_string}\"},\"query-input\":{\"@type\":\"PropertyValueSpecification\",\"valueRequired\":true,\"valueName\":\"search_term_string\"}}],\"inLanguage\":\"de\"}]}<\/script>\n<!-- \/ Yoast SEO plugin. -->","yoast_head_json":{"title":"Mobycon Academy - Mobycon","robots":{"index":"index","follow":"follow","max-snippet":"max-snippet:-1","max-image-preview":"max-image-preview:large","max-video-preview":"max-video-preview:-1"},"canonical":"https:\/\/mobycon.com\/de\/mobycon-academy\/","og_locale":"de_DE","og_type":"article","og_title":"Mobycon Academy - Mobycon","og_description":"Es ist uns ein Anliegen, unser Wissen weiterzugeben. Wer den niederl\u00e4ndischen Weg zu einem Fahrradland versteht, seine Planungsprinzipien durchschaut und sich \u00fcber die Erfahrungen anderer L\u00e4nder der Welt informiert, kann wertvolle Schl\u00fcsse f\u00fcr seine Arbeit vor Ort ziehen &#8211; und bessere Ergebnisse erzielen. Weil wir kontinuierliches Lernen als einen zentraler Erfolgsfaktor f\u00fcr alle sehen, bieten [&hellip;]","og_url":"https:\/\/mobycon.com\/de\/mobycon-academy\/","og_site_name":"Mobycon","article_modified_time":"2026-03-31T12:48:54+00:00","og_image":[{"width":683,"height":1024,"url":"https:\/\/mobycon.com\/wp-content\/uploads\/2019\/02\/speed-683x1024.jpg","type":"image\/jpeg"}],"twitter_card":"summary_large_image","twitter_misc":{"Gesch\u00e4tzte Lesezeit":"1\u00a0Minute"},"schema":{"@context":"https:\/\/schema.org","@graph":[{"@type":"WebPage","@id":"https:\/\/mobycon.com\/de\/mobycon-academy\/","url":"https:\/\/mobycon.com\/de\/mobycon-academy\/","name":"Mobycon Academy - Mobycon","isPartOf":{"@id":"https:\/\/mobycon.com\/de\/#website"},"primaryImageOfPage":{"@id":"https:\/\/mobycon.com\/de\/mobycon-academy\/#primaryimage"},"image":{"@id":"https:\/\/mobycon.com\/de\/mobycon-academy\/#primaryimage"},"thumbnailUrl":"https:\/\/www.mobycon.nl\/wp-content\/uploads\/2023\/01\/Website-fotos-2023-6.jpg","datePublished":"2023-11-07T09:24:58+00:00","dateModified":"2026-03-31T12:48:54+00:00","breadcrumb":{"@id":"https:\/\/mobycon.com\/de\/mobycon-academy\/#breadcrumb"},"inLanguage":"de","potentialAction":[{"@type":"ReadAction","target":["https:\/\/mobycon.com\/de\/mobycon-academy\/"]}]},{"@type":"ImageObject","inLanguage":"de","@id":"https:\/\/mobycon.com\/de\/mobycon-academy\/#primaryimage","url":"https:\/\/www.mobycon.nl\/wp-content\/uploads\/2023\/01\/Website-fotos-2023-6.jpg","contentUrl":"https:\/\/www.mobycon.nl\/wp-content\/uploads\/2023\/01\/Website-fotos-2023-6.jpg"},{"@type":"BreadcrumbList","@id":"https:\/\/mobycon.com\/de\/mobycon-academy\/#breadcrumb","itemListElement":[{"@type":"ListItem","position":1,"name":"Home","item":"https:\/\/mobycon.com\/de\/"},{"@type":"ListItem","position":2,"name":"Mobycon Academy"}]},{"@type":"WebSite","@id":"https:\/\/mobycon.com\/de\/#website","url":"https:\/\/mobycon.com\/de\/","name":"Mobycon","description":"Mobility Happiness","potentialAction":[{"@type":"SearchAction","target":{"@type":"EntryPoint","urlTemplate":"https:\/\/mobycon.com\/de\/?s={search_term_string}"},"query-input":{"@type":"PropertyValueSpecification","valueRequired":true,"valueName":"search_term_string"}}],"inLanguage":"de"}]}},"_links":{"self":[{"href":"https:\/\/mobycon.com\/de\/wp-json\/wp\/v2\/pages\/6624","targetHints":{"allow":["GET"]}}],"collection":[{"href":"https:\/\/mobycon.com\/de\/wp-json\/wp\/v2\/pages"}],"about":[{"href":"https:\/\/mobycon.com\/de\/wp-json\/wp\/v2\/types\/page"}],"author":[{"embeddable":true,"href":"https:\/\/mobycon.com\/de\/wp-json\/wp\/v2\/users\/9"}],"replies":[{"embeddable":true,"href":"https:\/\/mobycon.com\/de\/wp-json\/wp\/v2\/comments?post=6624"}],"version-history":[{"count":3,"href":"https:\/\/mobycon.com\/de\/wp-json\/wp\/v2\/pages\/6624\/revisions"}],"predecessor-version":[{"id":12028,"href":"https:\/\/mobycon.com\/de\/wp-json\/wp\/v2\/pages\/6624\/revisions\/12028"}],"wp:attachment":[{"href":"https:\/\/mobycon.com\/de\/wp-json\/wp\/v2\/media?parent=6624"}],"wp:term":[{"taxonomy":"services","embeddable":true,"href":"https:\/\/mobycon.com\/de\/wp-json\/wp\/v2\/services_taxonomy?post=6624"}],"curies":[{"name":"wp","href":"https:\/\/api.w.org\/{rel}","templated":true}]}}