{"id":6630,"date":"2017-12-12T12:32:39","date_gmt":"2017-12-12T11:32:39","guid":{"rendered":"https:\/\/mobycon-en.local\/jobs\/"},"modified":"2025-02-10T16:35:07","modified_gmt":"2025-02-10T15:35:07","slug":"jobs","status":"publish","type":"page","link":"https:\/\/mobycon.com\/de\/jobs\/","title":{"rendered":"Jobs"},"content":{"rendered":"\n<div class=\"wp-block-cover alignfull is-light\" style=\"min-height:540px;aspect-ratio:unset;\"><span aria-hidden=\"true\" class=\"wp-block-cover__background has-background-dim-0 has-background-dim\"><\/span><img decoding=\"async\" class=\"wp-block-cover__image-background wp-image-3956\" alt=\"\" src=\"https:\/\/www.mobycon.nl\/wp-content\/uploads\/2023\/01\/Website-fotos-2023-7.jpg\" style=\"object-position:46% 49%\" data-object-fit=\"cover\" data-object-position=\"46% 49%\"\/><div class=\"wp-block-cover__inner-container is-layout-flow wp-block-cover-is-layout-flow\">\n<h2 class=\"wp-block-heading has-text-align-center has-white-color has-text-color\" style=\"font-size:56px\"><strong>Jobs<\/strong><\/h2>\n\n\n\n<p class=\"has-text-align-center has-white-color has-text-color has-large-font-size\">Arbeit f\u00fcr Mobycon<\/p>\n<\/div><\/div>\n\n\n\n<p>Wir sind immer auf der Suche nach Mitarbeiter*innen f\u00fcr unser Team.<\/p>\n\n\n\n<p>Ist eine Stelle f\u00fcr Sie dabei? Klicken Sie unten, um Stellenangebote und Praktikumsm\u00f6glichkeiten in unserem internationalen Team zu finden.<\/p>\n\n\n\n<p>Sie k\u00f6nnen auch jederzeit Ihren Lebenslauf und ein Motivationsschreiben initiativ an uns senden: <a href=\"mailto:vacature@mobycon.nl\">vacature@mobycon.nl<\/a><\/p>\n\n\n\n<p><strong>Stellenangebote<\/strong><\/p>\n\n\n\n<p>Curious about the opportunities within our International team? Click <a href=\"https:\/\/mobycon.com\/work-for-us\/\">here<\/a>!<\/p>\n\n\n\n<p><\/p>\n","protected":false},"excerpt":{"rendered":"<p>Wir sind immer auf der Suche nach Mitarbeiter*innen f\u00fcr unser Team. Ist eine Stelle f\u00fcr Sie dabei? Klicken Sie unten, um Stellenangebote und Praktikumsm\u00f6glichkeiten in unserem internationalen Team zu finden. Sie k\u00f6nnen auch jederzeit Ihren Lebenslauf und ein Motivationsschreiben initiativ an uns senden: vacature@mobycon.nl Stellenangebote Curious about the opportunities within our International team? Click here!<\/p>\n","protected":false},"author":9,"featured_media":0,"parent":0,"menu_order":7,"comment_status":"closed","ping_status":"closed","template":"tpl-home-gutenberg.php","meta":{"_acf_changed":false,"inline_featured_image":false,"footnotes":""},"services_taxonomy":[],"class_list":["post-6630","page","type-page","status-publish","hentry"],"acf":{"kleur":"","icoon":""},"yoast_head":"<!-- This site is optimized with the Yoast SEO plugin v27.1.1 - https:\/\/yoast.com\/product\/yoast-seo-wordpress\/ -->\n<title>Jobs - Mobycon<\/title>\n<meta name=\"description\" content=\"Wir sind immer auf der Suche nach Mitarbeiter*innen f\u00fcr unser Team.\" \/>\n<meta name=\"robots\" content=\"index, follow, max-snippet:-1, max-image-preview:large, max-video-preview:-1\" \/>\n<link rel=\"canonical\" href=\"https:\/\/mobycon.com\/de\/jobs\/\" \/>\n<meta property=\"og:locale\" content=\"de_DE\" \/>\n<meta property=\"og:type\" content=\"article\" \/>\n<meta property=\"og:title\" content=\"Jobs - Mobycon\" \/>\n<meta property=\"og:description\" content=\"Wir sind immer auf der Suche nach Mitarbeiter*innen f\u00fcr unser Team.\" \/>\n<meta property=\"og:url\" content=\"https:\/\/mobycon.com\/de\/jobs\/\" \/>\n<meta property=\"og:site_name\" content=\"Mobycon\" \/>\n<meta property=\"article:modified_time\" content=\"2025-02-10T15:35:07+00:00\" \/>\n<meta property=\"og:image\" content=\"https:\/\/mobycon.com\/wp-content\/uploads\/2019\/02\/house1.jpg\" \/>\n\t<meta property=\"og:image:width\" content=\"1000\" \/>\n\t<meta property=\"og:image:height\" content=\"1500\" \/>\n\t<meta property=\"og:image:type\" content=\"image\/jpeg\" \/>\n<meta name=\"twitter:card\" content=\"summary_large_image\" \/>\n<meta name=\"twitter:label1\" content=\"Gesch\u00e4tzte Lesezeit\" \/>\n\t<meta name=\"twitter:data1\" content=\"1\u00a0Minute\" \/>\n<script type=\"application\/ld+json\" class=\"yoast-schema-graph\">{\"@context\":\"https:\/\/schema.org\",\"@graph\":[{\"@type\":\"WebPage\",\"@id\":\"https:\/\/mobycon.com\/de\/jobs\/\",\"url\":\"https:\/\/mobycon.com\/de\/jobs\/\",\"name\":\"Jobs - Mobycon\",\"isPartOf\":{\"@id\":\"https:\/\/mobycon.com\/de\/#website\"},\"primaryImageOfPage\":{\"@id\":\"https:\/\/mobycon.com\/de\/jobs\/#primaryimage\"},\"image\":{\"@id\":\"https:\/\/mobycon.com\/de\/jobs\/#primaryimage\"},\"thumbnailUrl\":\"https:\/\/www.mobycon.nl\/wp-content\/uploads\/2023\/01\/Website-fotos-2023-7.jpg\",\"datePublished\":\"2017-12-12T11:32:39+00:00\",\"dateModified\":\"2025-02-10T15:35:07+00:00\",\"description\":\"Wir sind immer auf der Suche nach Mitarbeiter*innen f\u00fcr unser Team.\",\"breadcrumb\":{\"@id\":\"https:\/\/mobycon.com\/de\/jobs\/#breadcrumb\"},\"inLanguage\":\"de\",\"potentialAction\":[{\"@type\":\"ReadAction\",\"target\":[\"https:\/\/mobycon.com\/de\/jobs\/\"]}]},{\"@type\":\"ImageObject\",\"inLanguage\":\"de\",\"@id\":\"https:\/\/mobycon.com\/de\/jobs\/#primaryimage\",\"url\":\"https:\/\/www.mobycon.nl\/wp-content\/uploads\/2023\/01\/Website-fotos-2023-7.jpg\",\"contentUrl\":\"https:\/\/www.mobycon.nl\/wp-content\/uploads\/2023\/01\/Website-fotos-2023-7.jpg\"},{\"@type\":\"BreadcrumbList\",\"@id\":\"https:\/\/mobycon.com\/de\/jobs\/#breadcrumb\",\"itemListElement\":[{\"@type\":\"ListItem\",\"position\":1,\"name\":\"Home\",\"item\":\"https:\/\/mobycon.com\/de\/\"},{\"@type\":\"ListItem\",\"position\":2,\"name\":\"Jobs\"}]},{\"@type\":\"WebSite\",\"@id\":\"https:\/\/mobycon.com\/de\/#website\",\"url\":\"https:\/\/mobycon.com\/de\/\",\"name\":\"Mobycon\",\"description\":\"Mobility Happiness\",\"potentialAction\":[{\"@type\":\"SearchAction\",\"target\":{\"@type\":\"EntryPoint\",\"urlTemplate\":\"https:\/\/mobycon.com\/de\/?s={search_term_string}\"},\"query-input\":{\"@type\":\"PropertyValueSpecification\",\"valueRequired\":true,\"valueName\":\"search_term_string\"}}],\"inLanguage\":\"de\"}]}<\/script>\n<!-- \/ Yoast SEO plugin. -->","yoast_head_json":{"title":"Jobs - Mobycon","description":"Wir sind immer auf der Suche nach Mitarbeiter*innen f\u00fcr unser Team.","robots":{"index":"index","follow":"follow","max-snippet":"max-snippet:-1","max-image-preview":"max-image-preview:large","max-video-preview":"max-video-preview:-1"},"canonical":"https:\/\/mobycon.com\/de\/jobs\/","og_locale":"de_DE","og_type":"article","og_title":"Jobs - Mobycon","og_description":"Wir sind immer auf der Suche nach Mitarbeiter*innen f\u00fcr unser Team.","og_url":"https:\/\/mobycon.com\/de\/jobs\/","og_site_name":"Mobycon","article_modified_time":"2025-02-10T15:35:07+00:00","og_image":[{"width":1000,"height":1500,"url":"https:\/\/mobycon.com\/wp-content\/uploads\/2019\/02\/house1.jpg","type":"image\/jpeg"}],"twitter_card":"summary_large_image","twitter_misc":{"Gesch\u00e4tzte Lesezeit":"1\u00a0Minute"},"schema":{"@context":"https:\/\/schema.org","@graph":[{"@type":"WebPage","@id":"https:\/\/mobycon.com\/de\/jobs\/","url":"https:\/\/mobycon.com\/de\/jobs\/","name":"Jobs - Mobycon","isPartOf":{"@id":"https:\/\/mobycon.com\/de\/#website"},"primaryImageOfPage":{"@id":"https:\/\/mobycon.com\/de\/jobs\/#primaryimage"},"image":{"@id":"https:\/\/mobycon.com\/de\/jobs\/#primaryimage"},"thumbnailUrl":"https:\/\/www.mobycon.nl\/wp-content\/uploads\/2023\/01\/Website-fotos-2023-7.jpg","datePublished":"2017-12-12T11:32:39+00:00","dateModified":"2025-02-10T15:35:07+00:00","description":"Wir sind immer auf der Suche nach Mitarbeiter*innen f\u00fcr unser Team.","breadcrumb":{"@id":"https:\/\/mobycon.com\/de\/jobs\/#breadcrumb"},"inLanguage":"de","potentialAction":[{"@type":"ReadAction","target":["https:\/\/mobycon.com\/de\/jobs\/"]}]},{"@type":"ImageObject","inLanguage":"de","@id":"https:\/\/mobycon.com\/de\/jobs\/#primaryimage","url":"https:\/\/www.mobycon.nl\/wp-content\/uploads\/2023\/01\/Website-fotos-2023-7.jpg","contentUrl":"https:\/\/www.mobycon.nl\/wp-content\/uploads\/2023\/01\/Website-fotos-2023-7.jpg"},{"@type":"BreadcrumbList","@id":"https:\/\/mobycon.com\/de\/jobs\/#breadcrumb","itemListElement":[{"@type":"ListItem","position":1,"name":"Home","item":"https:\/\/mobycon.com\/de\/"},{"@type":"ListItem","position":2,"name":"Jobs"}]},{"@type":"WebSite","@id":"https:\/\/mobycon.com\/de\/#website","url":"https:\/\/mobycon.com\/de\/","name":"Mobycon","description":"Mobility Happiness","potentialAction":[{"@type":"SearchAction","target":{"@type":"EntryPoint","urlTemplate":"https:\/\/mobycon.com\/de\/?s={search_term_string}"},"query-input":{"@type":"PropertyValueSpecification","valueRequired":true,"valueName":"search_term_string"}}],"inLanguage":"de"}]}},"_links":{"self":[{"href":"https:\/\/mobycon.com\/de\/wp-json\/wp\/v2\/pages\/6630","targetHints":{"allow":["GET"]}}],"collection":[{"href":"https:\/\/mobycon.com\/de\/wp-json\/wp\/v2\/pages"}],"about":[{"href":"https:\/\/mobycon.com\/de\/wp-json\/wp\/v2\/types\/page"}],"author":[{"embeddable":true,"href":"https:\/\/mobycon.com\/de\/wp-json\/wp\/v2\/users\/9"}],"replies":[{"embeddable":true,"href":"https:\/\/mobycon.com\/de\/wp-json\/wp\/v2\/comments?post=6630"}],"version-history":[{"count":12,"href":"https:\/\/mobycon.com\/de\/wp-json\/wp\/v2\/pages\/6630\/revisions"}],"predecessor-version":[{"id":9514,"href":"https:\/\/mobycon.com\/de\/wp-json\/wp\/v2\/pages\/6630\/revisions\/9514"}],"wp:attachment":[{"href":"https:\/\/mobycon.com\/de\/wp-json\/wp\/v2\/media?parent=6630"}],"wp:term":[{"taxonomy":"services","embeddable":true,"href":"https:\/\/mobycon.com\/de\/wp-json\/wp\/v2\/services_taxonomy?post=6630"}],"curies":[{"name":"wp","href":"https:\/\/api.w.org\/{rel}","templated":true}]}}