{"id":6733,"date":"2017-03-30T13:05:39","date_gmt":"2017-03-30T11:05:39","guid":{"rendered":"https:\/\/mobycon-en.local\/was-wir-tun\/"},"modified":"2024-03-26T14:13:59","modified_gmt":"2024-03-26T13:13:59","slug":"was-wir-tun","status":"publish","type":"page","link":"https:\/\/mobycon.com\/de\/was-wir-tun\/","title":{"rendered":"Was wir tun"},"content":{"rendered":"\n<div class=\"wp-block-cover alignfull\" style=\"min-height:540px;aspect-ratio:unset;\"><span aria-hidden=\"true\" class=\"wp-block-cover__background has-background-dim-0 has-background-dim\"><\/span><img decoding=\"async\" class=\"wp-block-cover__image-background wp-image-6801\" alt=\"\" src=\"https:\/\/mobycon.com\/wp-content\/uploads\/2023\/12\/Photo-3.jpeg\" style=\"object-position:48% 82%\" data-object-fit=\"cover\" data-object-position=\"48% 82%\"\/><div class=\"wp-block-cover__inner-container is-layout-flow wp-block-cover-is-layout-flow\">\n<h2 class=\"wp-block-heading has-text-align-center has-white-color has-text-color\" style=\"font-size:56px\"><strong>Was wir tun<\/strong><\/h2>\n\n\n\n<p class=\"has-text-align-center has-white-color has-text-color has-large-font-size\">Mobilit\u00e4tsl\u00f6sungen, <br\/>zugeschnitten auf Ihren Kontext<\/p>\n<\/div><\/div>\n\n<div style=\"height:40px\" aria-hidden=\"true\" class=\"wp-block-spacer\"><\/div>\n\n<div class=\"wp-block-group is-layout-constrained wp-container-core-group-is-layout-9a69a910 wp-block-group-is-layout-constrained\">\n<p class=\"has-text-align-center\">Unsere Mobilit\u00e4t ver\u00e4ndert sich, und wir halten Schritt. Unsere Leistungen umfassen ein breites Spektrum an Unterst\u00fctzung f\u00fcr Ihre Mobilit\u00e4tsprojekte.<\/p>\n\n\n\n<div style=\"height:30px\" aria-hidden=\"true\" class=\"wp-block-spacer\"><\/div>\n\n\n\n<hr class=\"wp-block-separator has-alpha-channel-opacity\"\/>\n\n\n\n<div style=\"height:30px\" aria-hidden=\"true\" class=\"wp-block-spacer\"><\/div>\n<\/div>\n\n<div style=\"height:40px\" aria-hidden=\"true\" class=\"wp-block-spacer\"><\/div>\n\n<div class=\"wp-block-media-text alignfull has-media-on-the-right is-stacked-on-mobile\"><div class=\"wp-block-media-text__content\">\n<h3 class=\"wp-block-heading\">Vielf\u00e4ltige Leistungen, abgestimmt auf Ihre Bed\u00fcrfnisse<\/h3>\n\n\n\n<p>Von kleinen Gemeinden bis gro\u00dfen St\u00e4dten: \u2013 unsere Beratungsangebote werden auf die unterschiedlichen Bed\u00fcrfnisse unserer Kund*innen zugeschnitten. Wir arbeiten mit Ihnen an Visionen, Strategien und Pl\u00e4nen. Wir schaffen integrierte Netzwerke, die sicheres Verhalten f\u00f6rdern und nutzen kollaborative Methoden, um zug\u00e4ngliche und einladende \u00f6ffentliche R\u00e4ume zu schaffen. Mittels Coaching, Schulungen und Exkursionen geben wir unser Wissen an unsere Kund*innen weiter.<\/p>\n\n\n\n<p class=\"has-medium-font-size\"><strong>Unser Portfolio:<\/strong><\/p>\n<\/div><figure class=\"wp-block-media-text__media\"><img decoding=\"async\" src=\"https:\/\/mobycon.com\/wp-content\/uploads\/2023\/12\/Photo-4.jpg\" alt=\"\" class=\"wp-image-6806 size-full\"\/><\/figure><\/div>\n\n<div style=\"height:90px\" aria-hidden=\"true\" id=\"services\" class=\"wp-block-spacer\"><\/div>\n\n<hr class=\"wp-block-separator has-alpha-channel-opacity\"\/>\n\n<div style=\"height:20px\" aria-hidden=\"true\" class=\"wp-block-spacer\"><\/div>\n\n<h2 class=\"wp-block-heading has-text-align-center\">Portfolio<\/h2>\n\n<div style=\"height:30px\" aria-hidden=\"true\" class=\"wp-block-spacer\"><\/div>\n<div class=\"onderwerpen-container\"><ul class=\"onderwerpen onderwerpen--expanded\"><li style=\"background-color: #d76d32\"><a href=\"https:\/\/mobycon.com\/de\/services\/verkehrsplanung\/\" class=\"link-overlay\"><\/a><h3 style=\"color: #d76d32\">Verkehrsplanung<\/h3><p>Integrierte Netze und Mobilit\u00e4tspl\u00e4ne<br \/><a href=\"https:\/\/mobycon.com\/de\/services\/verkehrsplanung\/\">Mehr lesen<\/a><\/p><i style=\"background-image: url(https:\/\/mobycon.com\/wp-content\/uploads\/2023\/11\/transportation-planning.svg); background-color: #d76d32\"><\/i><\/li><li style=\"background-color: #e3ce5b\"><a href=\"https:\/\/mobycon.com\/de\/services\/mobycoach-programme\/\" class=\"link-overlay\"><\/a><h3 style=\"color: #e3ce5b\">MobyCoach Programme<\/h3><p>Pers\u00f6nliche Begleitung und Peer-Reviews<br \/><a href=\"https:\/\/mobycon.com\/de\/services\/mobycoach-programme\/\">Mehr lesen<\/a><\/p><i style=\"background-image: url(https:\/\/mobycon.com\/wp-content\/uploads\/2023\/11\/mobycoach.svg); background-color: #e3ce5b\"><\/i><\/li><li style=\"background-color: #00aad4\"><a href=\"https:\/\/mobycon.com\/de\/services\/strassengestaltung\/\" class=\"link-overlay\"><\/a><h3 style=\"color: #00aad4\">Stra\u00dfengestaltung<\/h3><p>Stra\u00dfenentwurfsplanung und Gestaltung \u00f6ffentlichen Raums<br \/><a href=\"https:\/\/mobycon.com\/de\/services\/strassengestaltung\/\">Mehr lesen<\/a><\/p><i style=\"background-image: url(https:\/\/mobycon.com\/wp-content\/uploads\/2023\/11\/street-design.svg); background-color: #00aad4\"><\/i><\/li><li style=\"background-color: #95af3d\"><a href=\"https:\/\/mobycon.com\/de\/services\/forschung-und-innovation\/\" class=\"link-overlay\"><\/a><h3 style=\"color: #95af3d\">Forschung und Innovation<\/h3><p>Analysen, Szenarien sowie Trends und Innovationen<br \/><a href=\"https:\/\/mobycon.com\/de\/services\/forschung-und-innovation\/\">Mehr lesen<\/a><\/p><i style=\"background-image: url(https:\/\/mobycon.com\/wp-content\/uploads\/2023\/11\/Mobility-Research-and-Innovation-kopie@3x.png); background-color: #95af3d\"><\/i><\/li><li style=\"background-color: #297774\"><a href=\"https:\/\/mobycon.com\/de\/services\/partizipation\/\" class=\"link-overlay\"><\/a><h3 style=\"color: #297774\">Partizipation<\/h3><p>Konstruktive Dialoge anregen<br \/><a href=\"https:\/\/mobycon.com\/de\/services\/partizipation\/\">Mehr lesen<\/a><\/p><i style=\"background-image: url(https:\/\/mobycon.com\/wp-content\/uploads\/2023\/11\/ENGAGEMENT-white@3x.png); background-color: #297774\"><\/i><\/li><li style=\"background-color: #845088\"><a href=\"https:\/\/mobycon.com\/de\/services\/vision-und-strategie\/\" class=\"link-overlay\"><\/a><h3 style=\"color: #845088\">Vision und Strategie<\/h3><p>Mobilit\u00e4tsprojekte im strategischen Kontexts<br \/><a href=\"https:\/\/mobycon.com\/de\/services\/vision-und-strategie\/\">Mehr lesen<\/a><\/p><i style=\"background-image: url(https:\/\/mobycon.com\/wp-content\/uploads\/2023\/11\/Policy-and-Visioning.svg); background-color: #845088\"><\/i><\/li><li style=\"background-color: \"><a href=\"https:\/\/mobycon.com\/de\/services\/fortbildung-und-training\/\" class=\"link-overlay\"><\/a><h3 style=\"color: \">Fortbildung und Training<\/h3><p>Aufbau von Fachwissen, Methoden und Netzwerken<br \/><a href=\"https:\/\/mobycon.com\/de\/services\/fortbildung-und-training\/\">Mehr lesen<\/a><\/p><i style=\"background-image: url(https:\/\/mobycon.com\/wp-content\/uploads\/2023\/11\/Training-and-Capacity-Building.svg); background-color: \"><\/i><\/li><li style=\"background-color: #af3d3d\"><a href=\"https:\/\/mobycon.com\/de\/services\/verkehrssicherheit\/\" class=\"link-overlay\"><\/a><h3 style=\"color: #af3d3d\">Verkehrssicherheit<\/h3><p>Objektiv und subjektiv sichere Mobilit\u00e4t f\u00fcr alle<br \/><a href=\"https:\/\/mobycon.com\/de\/services\/verkehrssicherheit\/\">Mehr lesen<\/a><\/p><i style=\"background-image: url(https:\/\/mobycon.com\/wp-content\/uploads\/2023\/11\/verkeersveiligheid-2.svg); background-color: #af3d3d\"><\/i><\/li><\/ul><\/div><div class=\"block--overview-container block--overview-referenties-container\" style=\"width: 100%\">\n\t\t\t<h2>\n\t\t<a href=\"\/referenties\/\" style=\"color: inherit;\">References<\/a>\n\t\t\t<\/h2>\n\t<div class=\"card-list mobycon-section-content block--overview block--overview-referenties \">\n\t<div class=\"overview-item handle-hoverstack background-white card-shadow-hover flex-card card-third card-list-item\">\n\t\t\t\t\t<a href=\"https:\/\/mobycon.com\/de\/referenties\/thinkbike-workshop-washington-dc\/\" class=\"link-overlay\"><\/a>\n\t\t\t\t\t<div class=\"moby-set-pillar-usa-de\" style=\"text-align:left\">\n\t\t\t\t\t\t\t\t\t\t\t\t\t<div class=\"sfeerbeeld\" style=\"background-image:url(https:\/\/mobycon.com\/wp-content\/uploads\/2024\/06\/Think-Bikes-Day-3_35-500x230.jpg);\"><\/div>\n\t\t\t\t\t\t\t\t\t\t\t\t\t\t\t\t\t\t\t<div class=\"opdrachtgever-logo\" style=\"background-image:url(https:\/\/mobycon.com\/wp-content\/uploads\/2023\/12\/US.png);\"><\/div>\n\t\t\t\t\t\t\t\t\t\t\t\t<div class=\"inset-large\">\n\t\t\t\t\t\t\t\t\t\t\t\t\t\t<p>ThinkBike Workshop, Washington, DC<\/p>\n\t\t\t\t\t\t\t<div class=\"stack-medium tag_list\"><a href=\"https:\/\/mobycon.com\/de\/tag\/mobilitatsmanagement\/\">Mobilit\u00e4tsmanagement<\/a><a href=\"https:\/\/mobycon.com\/de\/tag\/strasengestaltung\/\">Stra\u00dfengestaltung<\/a><a href=\"https:\/\/mobycon.com\/de\/tag\/thinkbike-workshop-de\/\">ThinkBike Workshop<\/a><\/div><\/div>\n\t\t\t\t\t<\/div>\n\t\t\t\t<\/div>\n\t\t\t\t<div class=\"overview-item handle-hoverstack background-white card-shadow-hover flex-card card-third card-list-item\">\n\t\t\t\t\t<a href=\"https:\/\/mobycon.com\/de\/referenties\/potsdam-analyse-der-verkehrssicherheit-an-knotenpunkten\/\" class=\"link-overlay\"><\/a>\n\t\t\t\t\t<div class=\"moby-set-pillar-deutschland\" style=\"text-align:left\">\n\t\t\t\t\t\t\t\t\t\t\t\t\t<div class=\"sfeerbeeld\" style=\"background-image:url(https:\/\/mobycon.com\/wp-content\/uploads\/2024\/05\/7821_PotsdamMicrotraffic-Camera-1-500x230.png);\"><\/div>\n\t\t\t\t\t\t\t\t\t\t\t\t\t\t\t\t\t\t\t<div class=\"opdrachtgever-logo\" style=\"background-image:url(https:\/\/mobycon.com\/wp-content\/uploads\/2023\/12\/duitsland.png);\"><\/div>\n\t\t\t\t\t\t\t\t\t\t\t\t<div class=\"inset-large\">\n\t\t\t\t\t\t\t\t\t\t\t\t\t\t<p>Potsdam: Analyse der Verkehrssicherheit an Knotenpunkten<\/p>\n\t\t\t\t\t\t\t<div class=\"stack-medium tag_list\"><a href=\"https:\/\/mobycon.com\/de\/tag\/intersection-de\/\">Intersection<\/a><a href=\"https:\/\/mobycon.com\/de\/tag\/verkehrssicherheit\/\">Verkehrssicherheit<\/a><\/div><\/div>\n\t\t\t\t\t<\/div>\n\t\t\t\t<\/div>\n\t\t\t\t<div class=\"overview-item handle-hoverstack background-white card-shadow-hover flex-card card-third card-list-item\">\n\t\t\t\t\t<a href=\"https:\/\/mobycon.com\/de\/referenties\/kreuzungs-und-korridordesign-am-east-covell-boulevard-davis-ca\/\" class=\"link-overlay\"><\/a>\n\t\t\t\t\t<div class=\"moby-set-pillar-usa-de\" style=\"text-align:left\">\n\t\t\t\t\t\t\t\t\t\t\t\t\t<div class=\"sfeerbeeld\" style=\"background-image:url(https:\/\/mobycon.com\/wp-content\/uploads\/2024\/06\/Cycling-500x230.jpg);\"><\/div>\n\t\t\t\t\t\t\t\t\t\t\t\t\t\t\t\t\t\t\t<div class=\"opdrachtgever-logo\" style=\"background-image:url(https:\/\/mobycon.com\/wp-content\/uploads\/2023\/12\/US.png);\"><\/div>\n\t\t\t\t\t\t\t\t\t\t\t\t<div class=\"inset-large\">\n\t\t\t\t\t\t\t\t\t\t\t\t\t\t<p>Kreuzungs- und Korridordesign am East Covell Boulevard, Davis, CA<\/p>\n\t\t\t\t\t\t\t<div class=\"stack-medium tag_list\"><a href=\"https:\/\/mobycon.com\/de\/tag\/radfahren\/\">Radfahren<\/a><a href=\"https:\/\/mobycon.com\/de\/tag\/urbanes-mobilitatsdesign\/\">Urbanes Mobilit\u00e4tsdesign<\/a><\/div><\/div>\n\t\t\t\t\t<\/div>\n\t\t\t\t<\/div>\n\t\t\t\t<div class=\"overview-item handle-hoverstack background-white card-shadow-hover flex-card card-third card-list-item\">\n\t\t\t\t\t<a href=\"https:\/\/mobycon.com\/de\/referenties\/entwicklung-eines-multimodalen-service-level-leitfadens-fuer-ontario\/\" class=\"link-overlay\"><\/a>\n\t\t\t\t\t<div class=\"moby-set-pillar-kanada\" style=\"text-align:left\">\n\t\t\t\t\t\t\t\t\t\t\t\t\t<div class=\"sfeerbeeld\" style=\"background-image:url(https:\/\/mobycon.com\/wp-content\/uploads\/2024\/06\/1717580685240-67bc0777-9dba-4146-9f36-9caba9d715e0_38-500x230.jpg);\"><\/div>\n\t\t\t\t\t\t\t\t\t\t\t\t\t\t\t\t\t\t\t<div class=\"opdrachtgever-logo\" style=\"background-image:url(https:\/\/mobycon.com\/wp-content\/uploads\/2023\/12\/canada.png);\"><\/div>\n\t\t\t\t\t\t\t\t\t\t\t\t<div class=\"inset-large\">\n\t\t\t\t\t\t\t\t\t\t\t\t\t\t<p>Entwicklung eines multimodalen Service-Level-Leitfadens f\u00fcr Ontario<\/p>\n\t\t\t\t\t\t\t<div class=\"stack-medium tag_list\"><a href=\"https:\/\/mobycon.com\/de\/tag\/dienstleistungsniveau\/\">Dienstleistungsniveau<\/a><a href=\"https:\/\/mobycon.com\/de\/tag\/netzwerkplanung\/\">Netzwerkplanung<\/a><a href=\"https:\/\/mobycon.com\/de\/tag\/verkehrssicherheit\/\">Verkehrssicherheit<\/a><\/div><\/div>\n\t\t\t\t\t<\/div>\n\t\t\t\t<\/div>\n\t\t\t\t<div class=\"overview-item handle-hoverstack background-white card-shadow-hover flex-card card-third card-list-item\">\n\t\t\t\t\t<a href=\"https:\/\/mobycon.com\/de\/referenties\/mobycon-fuehrte-eine-umfangreiche-sicherheitsueberpruefung-der-bestehenden-radwege-an-der-laurier-avenue-durch-unsere-ueberpruefung-ging-ueber-die-traditionalle-herangehensweise-nur-den-betrieb-zu-be\/\" class=\"link-overlay\"><\/a>\n\t\t\t\t\t<div class=\"moby-set-pillar-kanada\" style=\"text-align:left\">\n\t\t\t\t\t\t\t\t\t\t\t\t\t<div class=\"sfeerbeeld\" style=\"background-image:url(https:\/\/mobycon.com\/wp-content\/uploads\/2024\/06\/6.1-Coulored-SBL-Laurier-500x230.png);\"><\/div>\n\t\t\t\t\t\t\t\t\t\t\t\t\t\t\t\t\t\t\t<div class=\"opdrachtgever-logo\" style=\"background-image:url(https:\/\/mobycon.com\/wp-content\/uploads\/2023\/12\/canada.png);\"><\/div>\n\t\t\t\t\t\t\t\t\t\t\t\t<div class=\"inset-large\">\n\t\t\t\t\t\t\t\t\t\t\t\t\t\t<p>Mobycon f\u00fchrte eine umfangreiche Sicherheits\u00fcberpr\u00fcfung der bestehenden Radwege an der Laurier Avenue durch. Unsere \u00dcberpr\u00fcfung ging \u00fcber die traditionalle Herangehensweise nur den Betrieb zu betrachten hinaus und legte besonderen Fokus auf die gef\u00e4hrdeten Verkehrsteilnehmenden, wie Radfahrende und Zufu\u00dfgehende.<\/p>\n\t\t\t\t\t\t\t<div class=\"stack-medium tag_list\"><a href=\"https:\/\/mobycon.com\/de\/tag\/radfahren\/\">Radfahren<\/a><a href=\"https:\/\/mobycon.com\/de\/tag\/verkehrssicherheit\/\">Verkehrssicherheit<\/a><\/div><\/div>\n\t\t\t\t\t<\/div>\n\t\t\t\t<\/div>\n\t\t\t\t<div class=\"overview-item handle-hoverstack background-white card-shadow-hover flex-card card-third card-list-item\">\n\t\t\t\t\t<a href=\"https:\/\/mobycon.com\/de\/referenties\/studienreise-von-nordwest-arkansas-in-die-niederlande\/\" class=\"link-overlay\"><\/a>\n\t\t\t\t\t<div class=\"moby-set-pillar-usa-de\" style=\"text-align:left\">\n\t\t\t\t\t\t\t\t\t\t\t\t\t<div class=\"sfeerbeeld\" style=\"background-image:url(https:\/\/mobycon.com\/wp-content\/uploads\/2024\/06\/qFcWk8jc-500x230.jpeg);\"><\/div>\n\t\t\t\t\t\t\t\t\t\t\t\t\t\t\t\t\t\t\t<div class=\"opdrachtgever-logo\" style=\"background-image:url(https:\/\/mobycon.com\/wp-content\/uploads\/2023\/12\/US.png);\"><\/div>\n\t\t\t\t\t\t\t\t\t\t\t\t<div class=\"inset-large\">\n\t\t\t\t\t\t\t\t\t\t\t\t\t\t<p>Studienreise von Nordwest-Arkansas in die Niederlande<\/p>\n\t\t\t\t\t\t\t<div class=\"stack-medium tag_list\"><a href=\"https:\/\/mobycon.com\/de\/tag\/mobilitat\/\">Mobilit\u00e4t<\/a><\/div><\/div>\n\t\t\t\t\t<\/div>\n\t\t\t\t<\/div>\n\t\t\t\t<div class=\"overview-item handle-hoverstack background-white card-shadow-hover flex-card card-third card-list-item\">\n\t\t\t\t\t<a href=\"https:\/\/mobycon.com\/de\/referenties\/mobycoach-beratungsprogramm-fuer-canmore-alberta\/\" class=\"link-overlay\"><\/a>\n\t\t\t\t\t<div class=\"moby-set-pillar-kanada\" style=\"text-align:left\">\n\t\t\t\t\t\t\t\t\t\t\t\t\t<div class=\"sfeerbeeld\" style=\"background-image:url(https:\/\/mobycon.com\/wp-content\/uploads\/2024\/06\/Railway-Ave-concept4-500x230.png);\"><\/div>\n\t\t\t\t\t\t\t\t\t\t\t\t\t\t\t\t\t\t\t<div class=\"opdrachtgever-logo\" style=\"background-image:url(https:\/\/mobycon.com\/wp-content\/uploads\/2023\/12\/canada.png);\"><\/div>\n\t\t\t\t\t\t\t\t\t\t\t\t<div class=\"inset-large\">\n\t\t\t\t\t\t\t\t\t\t\t\t\t\t<p>MobyCoach Beratungsprogramm f\u00fcr Canmore (Alberta)<\/p>\n\t\t\t\t\t\t\t<div class=\"stack-medium tag_list\"><a href=\"https:\/\/mobycon.com\/de\/tag\/urbanes-mobilitatsdesign\/\">Urbanes Mobilit\u00e4tsdesign<\/a><\/div><\/div>\n\t\t\t\t\t<\/div>\n\t\t\t\t<\/div>\n\t\t\t\t<div class=\"overview-item handle-hoverstack background-white card-shadow-hover flex-card card-third card-list-item\">\n\t\t\t\t\t<a href=\"https:\/\/mobycon.com\/de\/referenties\/planung-von-shared-streets-amherst-new-hampshire\/\" class=\"link-overlay\"><\/a>\n\t\t\t\t\t<div class=\"moby-set-pillar-usa-de\" style=\"text-align:left\">\n\t\t\t\t\t\t\t\t\t\t\t\t\t<div class=\"sfeerbeeld\" style=\"background-image:url(https:\/\/mobycon.com\/wp-content\/uploads\/2024\/06\/Eric-1-Space-allocation-500x230.jpg);\"><\/div>\n\t\t\t\t\t\t\t\t\t\t\t\t\t\t\t\t\t\t\t<div class=\"opdrachtgever-logo\" style=\"background-image:url(https:\/\/mobycon.com\/wp-content\/uploads\/2023\/12\/US.png);\"><\/div>\n\t\t\t\t\t\t\t\t\t\t\t\t<div class=\"inset-large\">\n\t\t\t\t\t\t\t\t\t\t\t\t\t\t<p>Planung von \u201cShared Streets\u201d, Amherst, New Hampshire<\/p>\n\t\t\t\t\t\t\t<div class=\"stack-medium tag_list\"><a href=\"https:\/\/mobycon.com\/de\/tag\/offentliche-raume\/\">\u00d6ffentliche R\u00e4ume<\/a><a href=\"https:\/\/mobycon.com\/de\/tag\/urbanes-mobilitatsdesign\/\">Urbanes Mobilit\u00e4tsdesign<\/a><\/div><\/div>\n\t\t\t\t\t<\/div>\n\t\t\t\t<\/div>\n\t\t\t\t<div class=\"overview-item handle-hoverstack background-white card-shadow-hover flex-card card-third card-list-item\">\n\t\t\t\t\t<a href=\"https:\/\/mobycon.com\/de\/referenties\/studie-die-sicherheit-von-geschuetzten-kreuzungen-und-anwendungsmoeglichkeiten-in-deutschland-2021-2024-bundesanstalt-fuer-strassenwesen-bast\/\" class=\"link-overlay\"><\/a>\n\t\t\t\t\t<div class=\"moby-set-pillar-deutschland\" style=\"text-align:left\">\n\t\t\t\t\t\t\t\t\t\t\t\t\t<div class=\"sfeerbeeld\" style=\"background-image:url(https:\/\/mobycon.com\/wp-content\/uploads\/2024\/05\/7254_BASt-_Credit-RobinvanderGriend-500x230.png);\"><\/div>\n\t\t\t\t\t\t\t\t\t\t\t\t\t\t\t\t\t\t\t<div class=\"opdrachtgever-logo\" style=\"background-image:url(https:\/\/mobycon.com\/wp-content\/uploads\/2023\/12\/duitsland.png);\"><\/div>\n\t\t\t\t\t\t\t\t\t\t\t\t<div class=\"inset-large\">\n\t\t\t\t\t\t\t\t\t\t\t\t\t\t<p>Studie: Die Sicherheit von gesch\u00fctzten Kreuzungen und Anwendungsm\u00f6glichkeiten in Deutschland (2021-2024) Bundesanstalt f\u00fcr Stra\u00dfenwesen (BASt)<\/p>\n\t\t\t\t\t\t\t<div class=\"stack-medium tag_list\"><a href=\"https:\/\/mobycon.com\/de\/tag\/forschung\/\">Forschung<\/a><a href=\"https:\/\/mobycon.com\/de\/tag\/intersection-de\/\">Intersection<\/a><a href=\"https:\/\/mobycon.com\/de\/tag\/verkehrssicherheit\/\">Verkehrssicherheit<\/a><\/div><\/div>\n\t\t\t\t\t<\/div>\n\t\t\t\t<\/div>\n\t\t\t\t\t<\/div>\n\t\t<div class=\"wp-block-buttons is-content-justification-center is-layout-flex wp-block-buttons-is-layout-flex\">\n\t\t\t<div class=\"wp-block-button\"><a class=\"wp-block-button__link wp-element-button\" href=\"\/references\/\">All references<\/a><\/div>\n\t\t<\/div>\n\n\t<\/div>\n<\/div>\n","protected":false},"excerpt":{"rendered":"<p>Unsere Mobilit\u00e4t ver\u00e4ndert sich, und wir halten Schritt. Unsere Leistungen umfassen ein breites Spektrum an Unterst\u00fctzung f\u00fcr Ihre Mobilit\u00e4tsprojekte. Vielf\u00e4ltige Leistungen, abgestimmt auf Ihre Bed\u00fcrfnisse Von kleinen Gemeinden bis gro\u00dfen St\u00e4dten: \u2013 unsere Beratungsangebote werden auf die unterschiedlichen Bed\u00fcrfnisse unserer Kund*innen zugeschnitten. Wir arbeiten mit Ihnen an Visionen, Strategien und Pl\u00e4nen. Wir schaffen integrierte Netzwerke, [&hellip;]<\/p>\n","protected":false},"author":8,"featured_media":0,"parent":0,"menu_order":14,"comment_status":"closed","ping_status":"closed","template":"tpl-home-gutenberg.php","meta":{"_acf_changed":false,"inline_featured_image":false,"footnotes":""},"services_taxonomy":[],"class_list":["post-6733","page","type-page","status-publish","hentry"],"acf":{"kleur":"","icoon":""},"yoast_head":"<!-- This site is optimized with the Yoast SEO plugin v27.1.1 - https:\/\/yoast.com\/product\/yoast-seo-wordpress\/ -->\n<title>Was wir tun - Mobycon<\/title>\n<meta name=\"robots\" content=\"index, follow, max-snippet:-1, max-image-preview:large, max-video-preview:-1\" \/>\n<link rel=\"canonical\" href=\"https:\/\/mobycon.com\/de\/was-wir-tun\/\" \/>\n<meta property=\"og:locale\" content=\"de_DE\" \/>\n<meta property=\"og:type\" content=\"article\" \/>\n<meta property=\"og:title\" content=\"Was wir tun - Mobycon\" \/>\n<meta property=\"og:description\" content=\"Unsere Mobilit\u00e4t ver\u00e4ndert sich, und wir halten Schritt. Unsere Leistungen umfassen ein breites Spektrum an Unterst\u00fctzung f\u00fcr Ihre Mobilit\u00e4tsprojekte. Vielf\u00e4ltige Leistungen, abgestimmt auf Ihre Bed\u00fcrfnisse Von kleinen Gemeinden bis gro\u00dfen St\u00e4dten: \u2013 unsere Beratungsangebote werden auf die unterschiedlichen Bed\u00fcrfnisse unserer Kund*innen zugeschnitten. Wir arbeiten mit Ihnen an Visionen, Strategien und Pl\u00e4nen. Wir schaffen integrierte Netzwerke, [&hellip;]\" \/>\n<meta property=\"og:url\" content=\"https:\/\/mobycon.com\/de\/was-wir-tun\/\" \/>\n<meta property=\"og:site_name\" content=\"Mobycon\" \/>\n<meta property=\"article:modified_time\" content=\"2024-03-26T13:13:59+00:00\" \/>\n<meta property=\"og:image\" content=\"https:\/\/mobycon.com\/wp-content\/uploads\/2023\/12\/Photo-3.jpeg\" \/>\n<meta name=\"twitter:card\" content=\"summary_large_image\" \/>\n<meta name=\"twitter:label1\" content=\"Gesch\u00e4tzte Lesezeit\" \/>\n\t<meta name=\"twitter:data1\" content=\"1\u00a0Minute\" \/>\n<script type=\"application\/ld+json\" class=\"yoast-schema-graph\">{\"@context\":\"https:\/\/schema.org\",\"@graph\":[{\"@type\":\"WebPage\",\"@id\":\"https:\/\/mobycon.com\/de\/was-wir-tun\/\",\"url\":\"https:\/\/mobycon.com\/de\/was-wir-tun\/\",\"name\":\"Was wir tun - Mobycon\",\"isPartOf\":{\"@id\":\"https:\/\/mobycon.com\/de\/#website\"},\"primaryImageOfPage\":{\"@id\":\"https:\/\/mobycon.com\/de\/was-wir-tun\/#primaryimage\"},\"image\":{\"@id\":\"https:\/\/mobycon.com\/de\/was-wir-tun\/#primaryimage\"},\"thumbnailUrl\":\"https:\/\/mobycon.com\/wp-content\/uploads\/2023\/12\/Photo-3.jpeg\",\"datePublished\":\"2017-03-30T11:05:39+00:00\",\"dateModified\":\"2024-03-26T13:13:59+00:00\",\"breadcrumb\":{\"@id\":\"https:\/\/mobycon.com\/de\/was-wir-tun\/#breadcrumb\"},\"inLanguage\":\"de\",\"potentialAction\":[{\"@type\":\"ReadAction\",\"target\":[\"https:\/\/mobycon.com\/de\/was-wir-tun\/\"]}]},{\"@type\":\"ImageObject\",\"inLanguage\":\"de\",\"@id\":\"https:\/\/mobycon.com\/de\/was-wir-tun\/#primaryimage\",\"url\":\"https:\/\/mobycon.com\/wp-content\/uploads\/2023\/12\/Photo-3.jpeg\",\"contentUrl\":\"https:\/\/mobycon.com\/wp-content\/uploads\/2023\/12\/Photo-3.jpeg\"},{\"@type\":\"BreadcrumbList\",\"@id\":\"https:\/\/mobycon.com\/de\/was-wir-tun\/#breadcrumb\",\"itemListElement\":[{\"@type\":\"ListItem\",\"position\":1,\"name\":\"Home\",\"item\":\"https:\/\/mobycon.com\/de\/\"},{\"@type\":\"ListItem\",\"position\":2,\"name\":\"Was wir tun\"}]},{\"@type\":\"WebSite\",\"@id\":\"https:\/\/mobycon.com\/de\/#website\",\"url\":\"https:\/\/mobycon.com\/de\/\",\"name\":\"Mobycon\",\"description\":\"Mobility Happiness\",\"potentialAction\":[{\"@type\":\"SearchAction\",\"target\":{\"@type\":\"EntryPoint\",\"urlTemplate\":\"https:\/\/mobycon.com\/de\/?s={search_term_string}\"},\"query-input\":{\"@type\":\"PropertyValueSpecification\",\"valueRequired\":true,\"valueName\":\"search_term_string\"}}],\"inLanguage\":\"de\"}]}<\/script>\n<!-- \/ Yoast SEO plugin. -->","yoast_head_json":{"title":"Was wir tun - Mobycon","robots":{"index":"index","follow":"follow","max-snippet":"max-snippet:-1","max-image-preview":"max-image-preview:large","max-video-preview":"max-video-preview:-1"},"canonical":"https:\/\/mobycon.com\/de\/was-wir-tun\/","og_locale":"de_DE","og_type":"article","og_title":"Was wir tun - Mobycon","og_description":"Unsere Mobilit\u00e4t ver\u00e4ndert sich, und wir halten Schritt. Unsere Leistungen umfassen ein breites Spektrum an Unterst\u00fctzung f\u00fcr Ihre Mobilit\u00e4tsprojekte. Vielf\u00e4ltige Leistungen, abgestimmt auf Ihre Bed\u00fcrfnisse Von kleinen Gemeinden bis gro\u00dfen St\u00e4dten: \u2013 unsere Beratungsangebote werden auf die unterschiedlichen Bed\u00fcrfnisse unserer Kund*innen zugeschnitten. Wir arbeiten mit Ihnen an Visionen, Strategien und Pl\u00e4nen. Wir schaffen integrierte Netzwerke, [&hellip;]","og_url":"https:\/\/mobycon.com\/de\/was-wir-tun\/","og_site_name":"Mobycon","article_modified_time":"2024-03-26T13:13:59+00:00","og_image":[{"url":"https:\/\/mobycon.com\/wp-content\/uploads\/2023\/12\/Photo-3.jpeg","type":"","width":"","height":""}],"twitter_card":"summary_large_image","twitter_misc":{"Gesch\u00e4tzte Lesezeit":"1\u00a0Minute"},"schema":{"@context":"https:\/\/schema.org","@graph":[{"@type":"WebPage","@id":"https:\/\/mobycon.com\/de\/was-wir-tun\/","url":"https:\/\/mobycon.com\/de\/was-wir-tun\/","name":"Was wir tun - Mobycon","isPartOf":{"@id":"https:\/\/mobycon.com\/de\/#website"},"primaryImageOfPage":{"@id":"https:\/\/mobycon.com\/de\/was-wir-tun\/#primaryimage"},"image":{"@id":"https:\/\/mobycon.com\/de\/was-wir-tun\/#primaryimage"},"thumbnailUrl":"https:\/\/mobycon.com\/wp-content\/uploads\/2023\/12\/Photo-3.jpeg","datePublished":"2017-03-30T11:05:39+00:00","dateModified":"2024-03-26T13:13:59+00:00","breadcrumb":{"@id":"https:\/\/mobycon.com\/de\/was-wir-tun\/#breadcrumb"},"inLanguage":"de","potentialAction":[{"@type":"ReadAction","target":["https:\/\/mobycon.com\/de\/was-wir-tun\/"]}]},{"@type":"ImageObject","inLanguage":"de","@id":"https:\/\/mobycon.com\/de\/was-wir-tun\/#primaryimage","url":"https:\/\/mobycon.com\/wp-content\/uploads\/2023\/12\/Photo-3.jpeg","contentUrl":"https:\/\/mobycon.com\/wp-content\/uploads\/2023\/12\/Photo-3.jpeg"},{"@type":"BreadcrumbList","@id":"https:\/\/mobycon.com\/de\/was-wir-tun\/#breadcrumb","itemListElement":[{"@type":"ListItem","position":1,"name":"Home","item":"https:\/\/mobycon.com\/de\/"},{"@type":"ListItem","position":2,"name":"Was wir tun"}]},{"@type":"WebSite","@id":"https:\/\/mobycon.com\/de\/#website","url":"https:\/\/mobycon.com\/de\/","name":"Mobycon","description":"Mobility Happiness","potentialAction":[{"@type":"SearchAction","target":{"@type":"EntryPoint","urlTemplate":"https:\/\/mobycon.com\/de\/?s={search_term_string}"},"query-input":{"@type":"PropertyValueSpecification","valueRequired":true,"valueName":"search_term_string"}}],"inLanguage":"de"}]}},"_links":{"self":[{"href":"https:\/\/mobycon.com\/de\/wp-json\/wp\/v2\/pages\/6733","targetHints":{"allow":["GET"]}}],"collection":[{"href":"https:\/\/mobycon.com\/de\/wp-json\/wp\/v2\/pages"}],"about":[{"href":"https:\/\/mobycon.com\/de\/wp-json\/wp\/v2\/types\/page"}],"author":[{"embeddable":true,"href":"https:\/\/mobycon.com\/de\/wp-json\/wp\/v2\/users\/8"}],"replies":[{"embeddable":true,"href":"https:\/\/mobycon.com\/de\/wp-json\/wp\/v2\/comments?post=6733"}],"version-history":[{"count":6,"href":"https:\/\/mobycon.com\/de\/wp-json\/wp\/v2\/pages\/6733\/revisions"}],"predecessor-version":[{"id":7037,"href":"https:\/\/mobycon.com\/de\/wp-json\/wp\/v2\/pages\/6733\/revisions\/7037"}],"wp:attachment":[{"href":"https:\/\/mobycon.com\/de\/wp-json\/wp\/v2\/media?parent=6733"}],"wp:term":[{"taxonomy":"services","embeddable":true,"href":"https:\/\/mobycon.com\/de\/wp-json\/wp\/v2\/services_taxonomy?post=6733"}],"curies":[{"name":"wp","href":"https:\/\/api.w.org\/{rel}","templated":true}]}}