{"id":7017,"date":"2017-05-22T13:52:01","date_gmt":"2017-05-22T11:52:01","guid":{"rendered":"https:\/\/mobycon-en.flywheelstaging.com\/was-wir-tun\/exkursionen\/"},"modified":"2024-03-24T16:53:09","modified_gmt":"2024-03-24T15:53:09","slug":"exkursionen","status":"publish","type":"page","link":"https:\/\/mobycon.com\/de\/was-wir-tun\/exkursionen\/","title":{"rendered":"Exkursionen"},"content":{"rendered":"\n<div class=\"wp-block-cover alignfull is-light wp-duotone-unset-1\" style=\"margin-top:0;padding-top:48px;padding-right:48px;padding-bottom:48px;padding-left:48px;min-height:640px;aspect-ratio:unset;\"><span aria-hidden=\"true\" class=\"wp-block-cover__background has-background-dim-0 has-background-dim\"><\/span><img decoding=\"async\" class=\"wp-block-cover__image-background wp-image-6921\" alt=\"\" src=\"https:\/\/mobycon.com\/wp-content\/uploads\/2023\/12\/IMG_3303-4.jpg\" style=\"object-position:48% 67%\" data-object-fit=\"cover\" data-object-position=\"48% 67%\"\/><div class=\"wp-block-cover__inner-container is-layout-flow wp-block-cover-is-layout-flow\">\n<div class=\"wp-block-group is-layout-constrained wp-container-core-group-is-layout-481a76f5 wp-block-group-is-layout-constrained\">\n<h2 class=\"wp-block-heading has-text-align-center has-white-color has-text-color\" style=\"font-size:56px;letter-spacing:0px;line-height:1;text-transform:capitalize\">Exkursionen<\/h2>\n<\/div>\n<\/div><\/div>\n\n<div class=\"wp-block-group is-layout-constrained wp-container-core-group-is-layout-9a69a910 wp-block-group-is-layout-constrained\">\n<div style=\"height:40px\" aria-hidden=\"true\" class=\"wp-block-spacer\"><\/div>\n\n\n\n<p class=\"has-text-align-center\">Wir bei Mobycon sind der Meinung, dass man am besten versteht, was das niederl\u00e4ndische Mobilit\u00e4tssystem so erfolgreich macht, wenn man es selbst erlebt.<\/p>\n\n\n\n<div style=\"height:30px\" aria-hidden=\"true\" class=\"wp-block-spacer\"><\/div>\n\n\n\n<hr class=\"wp-block-separator has-alpha-channel-opacity\"\/>\n\n\n\n<div style=\"height:30px\" aria-hidden=\"true\" class=\"wp-block-spacer\"><\/div>\n\n\n\n<div style=\"height:40px\" aria-hidden=\"true\" class=\"wp-block-spacer\"><\/div>\n<\/div>\n\n<div class=\"wp-block-media-text is-stacked-on-mobile is-image-fill\"><figure class=\"wp-block-media-text__media\" style=\"background-image:url(https:\/\/mobycon.com\/wp-content\/uploads\/2023\/12\/IMG_2098.jpg);background-position:55% 85%\"><img decoding=\"async\" src=\"https:\/\/mobycon.com\/wp-content\/uploads\/2023\/12\/IMG_2098.jpg\" alt=\"\" class=\"wp-image-6925 size-full\"\/><\/figure><div class=\"wp-block-media-text__content\">\n<div style=\"height:50px\" aria-hidden=\"true\" class=\"wp-block-spacer\"><\/div>\n\n\n\n<p>Unsere Exkursionen richten sich an alle, die von niederl\u00e4ndischen und internationalen Mobilit\u00e4tsexpert*innen lernen m\u00f6chten, wie man sichere, komfortable und barrierefreie St\u00e4dte f\u00fcr alle schaffen kann. Durch das Teilen von Erfolgen, die Diskussion von Herausforderungen und den Blick auf die neuesten Innovationen k\u00f6nnen die Teilnehmer*innen sehen, was m\u00f6glich ist.  <\/p>\n\n\n\n<p><a href=\"https:\/\/mobycon.com\/de\/kontakt\/\">Sprechen Sie uns gerne an, um Ihre n\u00e4chste Studienreise zu planen.<\/a> <\/p>\n\n\n\n<div style=\"height:50px\" aria-hidden=\"true\" class=\"wp-block-spacer\"><\/div>\n<\/div><\/div>\n<div class=\"block--overview-container block--overview-referenties-container\" style=\"width: 100%\">\n\t\t\t<h2>\n\t\t<a href=\"\/referenties\/\" style=\"color: inherit;\">References<\/a>\n\t\t\t<\/h2>\n\t<div class=\"card-list mobycon-section-content block--overview block--overview-referenties \">\n\t<div class=\"overview-item handle-hoverstack background-white card-shadow-hover flex-card card-third card-list-item\">\n\t\t\t\t\t<a href=\"https:\/\/mobycon.com\/de\/referenties\/potsdam-analyse-der-verkehrssicherheit-an-knotenpunkten\/\" class=\"link-overlay\"><\/a>\n\t\t\t\t\t<div class=\"moby-set-pillar-deutschland\" style=\"text-align:left\">\n\t\t\t\t\t\t\t\t\t\t\t\t\t<div class=\"sfeerbeeld\" style=\"background-image:url(https:\/\/mobycon.com\/wp-content\/uploads\/2024\/05\/7821_PotsdamMicrotraffic-Camera-1-500x230.png);\"><\/div>\n\t\t\t\t\t\t\t\t\t\t\t\t\t\t\t\t\t\t\t<div class=\"opdrachtgever-logo\" style=\"background-image:url(https:\/\/mobycon.com\/wp-content\/uploads\/2023\/12\/duitsland.png);\"><\/div>\n\t\t\t\t\t\t\t\t\t\t\t\t<div class=\"inset-large\">\n\t\t\t\t\t\t\t\t\t\t\t\t\t\t<p>Potsdam: Analyse der Verkehrssicherheit an Knotenpunkten<\/p>\n\t\t\t\t\t\t\t<div class=\"stack-medium tag_list\"><a href=\"https:\/\/mobycon.com\/de\/tag\/intersection-de\/\">Intersection<\/a><a href=\"https:\/\/mobycon.com\/de\/tag\/verkehrssicherheit\/\">Verkehrssicherheit<\/a><\/div><\/div>\n\t\t\t\t\t<\/div>\n\t\t\t\t<\/div>\n\t\t\t\t<div class=\"overview-item handle-hoverstack background-white card-shadow-hover flex-card card-third card-list-item\">\n\t\t\t\t\t<a href=\"https:\/\/mobycon.com\/de\/referenties\/studie-die-sicherheit-von-geschuetzten-kreuzungen-und-anwendungsmoeglichkeiten-in-deutschland-2021-2024-bundesanstalt-fuer-strassenwesen-bast\/\" class=\"link-overlay\"><\/a>\n\t\t\t\t\t<div class=\"moby-set-pillar-deutschland\" style=\"text-align:left\">\n\t\t\t\t\t\t\t\t\t\t\t\t\t<div class=\"sfeerbeeld\" style=\"background-image:url(https:\/\/mobycon.com\/wp-content\/uploads\/2024\/05\/7254_BASt-_Credit-RobinvanderGriend-500x230.png);\"><\/div>\n\t\t\t\t\t\t\t\t\t\t\t\t\t\t\t\t\t\t\t<div class=\"opdrachtgever-logo\" style=\"background-image:url(https:\/\/mobycon.com\/wp-content\/uploads\/2023\/12\/duitsland.png);\"><\/div>\n\t\t\t\t\t\t\t\t\t\t\t\t<div class=\"inset-large\">\n\t\t\t\t\t\t\t\t\t\t\t\t\t\t<p>Studie: Die Sicherheit von gesch\u00fctzten Kreuzungen und Anwendungsm\u00f6glichkeiten in Deutschland (2021-2024) Bundesanstalt f\u00fcr Stra\u00dfenwesen (BASt)<\/p>\n\t\t\t\t\t\t\t<div class=\"stack-medium tag_list\"><a href=\"https:\/\/mobycon.com\/de\/tag\/forschung\/\">Forschung<\/a><a href=\"https:\/\/mobycon.com\/de\/tag\/intersection-de\/\">Intersection<\/a><a href=\"https:\/\/mobycon.com\/de\/tag\/verkehrssicherheit\/\">Verkehrssicherheit<\/a><\/div><\/div>\n\t\t\t\t\t<\/div>\n\t\t\t\t<\/div>\n\t\t\t\t<div class=\"overview-item handle-hoverstack background-white card-shadow-hover flex-card card-third card-list-item\">\n\t\t\t\t\t<a href=\"https:\/\/mobycon.com\/de\/referenties\/kreuzungs-und-korridordesign-am-east-covell-boulevard-davis-ca\/\" class=\"link-overlay\"><\/a>\n\t\t\t\t\t<div class=\"moby-set-pillar-usa-de\" style=\"text-align:left\">\n\t\t\t\t\t\t\t\t\t\t\t\t\t<div class=\"sfeerbeeld\" style=\"background-image:url(https:\/\/mobycon.com\/wp-content\/uploads\/2024\/06\/Cycling-500x230.jpg);\"><\/div>\n\t\t\t\t\t\t\t\t\t\t\t\t\t\t\t\t\t\t\t<div class=\"opdrachtgever-logo\" style=\"background-image:url(https:\/\/mobycon.com\/wp-content\/uploads\/2023\/12\/US.png);\"><\/div>\n\t\t\t\t\t\t\t\t\t\t\t\t<div class=\"inset-large\">\n\t\t\t\t\t\t\t\t\t\t\t\t\t\t<p>Kreuzungs- und Korridordesign am East Covell Boulevard, Davis, CA<\/p>\n\t\t\t\t\t\t\t<div class=\"stack-medium tag_list\"><a href=\"https:\/\/mobycon.com\/de\/tag\/radfahren\/\">Radfahren<\/a><a href=\"https:\/\/mobycon.com\/de\/tag\/urbanes-mobilitatsdesign\/\">Urbanes Mobilit\u00e4tsdesign<\/a><\/div><\/div>\n\t\t\t\t\t<\/div>\n\t\t\t\t<\/div>\n\t\t\t\t<div class=\"overview-item handle-hoverstack background-white card-shadow-hover flex-card card-third card-list-item\">\n\t\t\t\t\t<a href=\"https:\/\/mobycon.com\/de\/referenties\/thinkbike-workshop-washington-dc\/\" class=\"link-overlay\"><\/a>\n\t\t\t\t\t<div class=\"moby-set-pillar-usa-de\" style=\"text-align:left\">\n\t\t\t\t\t\t\t\t\t\t\t\t\t<div class=\"sfeerbeeld\" style=\"background-image:url(https:\/\/mobycon.com\/wp-content\/uploads\/2024\/06\/Think-Bikes-Day-3_35-500x230.jpg);\"><\/div>\n\t\t\t\t\t\t\t\t\t\t\t\t\t\t\t\t\t\t\t<div class=\"opdrachtgever-logo\" style=\"background-image:url(https:\/\/mobycon.com\/wp-content\/uploads\/2023\/12\/US.png);\"><\/div>\n\t\t\t\t\t\t\t\t\t\t\t\t<div class=\"inset-large\">\n\t\t\t\t\t\t\t\t\t\t\t\t\t\t<p>ThinkBike Workshop, Washington, DC<\/p>\n\t\t\t\t\t\t\t<div class=\"stack-medium tag_list\"><a href=\"https:\/\/mobycon.com\/de\/tag\/mobilitatsmanagement\/\">Mobilit\u00e4tsmanagement<\/a><a href=\"https:\/\/mobycon.com\/de\/tag\/strasengestaltung\/\">Stra\u00dfengestaltung<\/a><a href=\"https:\/\/mobycon.com\/de\/tag\/thinkbike-workshop-de\/\">ThinkBike Workshop<\/a><\/div><\/div>\n\t\t\t\t\t<\/div>\n\t\t\t\t<\/div>\n\t\t\t\t<div class=\"overview-item handle-hoverstack background-white card-shadow-hover flex-card card-third card-list-item\">\n\t\t\t\t\t<a href=\"https:\/\/mobycon.com\/de\/referenties\/mobycoach-beratungsprogramm-fuer-canmore-alberta\/\" class=\"link-overlay\"><\/a>\n\t\t\t\t\t<div class=\"moby-set-pillar-kanada\" style=\"text-align:left\">\n\t\t\t\t\t\t\t\t\t\t\t\t\t<div class=\"sfeerbeeld\" style=\"background-image:url(https:\/\/mobycon.com\/wp-content\/uploads\/2024\/06\/Railway-Ave-concept4-500x230.png);\"><\/div>\n\t\t\t\t\t\t\t\t\t\t\t\t\t\t\t\t\t\t\t<div class=\"opdrachtgever-logo\" style=\"background-image:url(https:\/\/mobycon.com\/wp-content\/uploads\/2023\/12\/canada.png);\"><\/div>\n\t\t\t\t\t\t\t\t\t\t\t\t<div class=\"inset-large\">\n\t\t\t\t\t\t\t\t\t\t\t\t\t\t<p>MobyCoach Beratungsprogramm f\u00fcr Canmore (Alberta)<\/p>\n\t\t\t\t\t\t\t<div class=\"stack-medium tag_list\"><a href=\"https:\/\/mobycon.com\/de\/tag\/urbanes-mobilitatsdesign\/\">Urbanes Mobilit\u00e4tsdesign<\/a><\/div><\/div>\n\t\t\t\t\t<\/div>\n\t\t\t\t<\/div>\n\t\t\t\t<div class=\"overview-item handle-hoverstack background-white card-shadow-hover flex-card card-third card-list-item\">\n\t\t\t\t\t<a href=\"https:\/\/mobycon.com\/de\/referenties\/mobycon-fuehrte-eine-umfangreiche-sicherheitsueberpruefung-der-bestehenden-radwege-an-der-laurier-avenue-durch-unsere-ueberpruefung-ging-ueber-die-traditionalle-herangehensweise-nur-den-betrieb-zu-be\/\" class=\"link-overlay\"><\/a>\n\t\t\t\t\t<div class=\"moby-set-pillar-kanada\" style=\"text-align:left\">\n\t\t\t\t\t\t\t\t\t\t\t\t\t<div class=\"sfeerbeeld\" style=\"background-image:url(https:\/\/mobycon.com\/wp-content\/uploads\/2024\/06\/6.1-Coulored-SBL-Laurier-500x230.png);\"><\/div>\n\t\t\t\t\t\t\t\t\t\t\t\t\t\t\t\t\t\t\t<div class=\"opdrachtgever-logo\" style=\"background-image:url(https:\/\/mobycon.com\/wp-content\/uploads\/2023\/12\/canada.png);\"><\/div>\n\t\t\t\t\t\t\t\t\t\t\t\t<div class=\"inset-large\">\n\t\t\t\t\t\t\t\t\t\t\t\t\t\t<p>Mobycon f\u00fchrte eine umfangreiche Sicherheits\u00fcberpr\u00fcfung der bestehenden Radwege an der Laurier Avenue durch. Unsere \u00dcberpr\u00fcfung ging \u00fcber die traditionalle Herangehensweise nur den Betrieb zu betrachten hinaus und legte besonderen Fokus auf die gef\u00e4hrdeten Verkehrsteilnehmenden, wie Radfahrende und Zufu\u00dfgehende.<\/p>\n\t\t\t\t\t\t\t<div class=\"stack-medium tag_list\"><a href=\"https:\/\/mobycon.com\/de\/tag\/radfahren\/\">Radfahren<\/a><a href=\"https:\/\/mobycon.com\/de\/tag\/verkehrssicherheit\/\">Verkehrssicherheit<\/a><\/div><\/div>\n\t\t\t\t\t<\/div>\n\t\t\t\t<\/div>\n\t\t\t\t<div class=\"overview-item handle-hoverstack background-white card-shadow-hover flex-card card-third card-list-item\">\n\t\t\t\t\t<a href=\"https:\/\/mobycon.com\/de\/referenties\/entwicklung-eines-multimodalen-service-level-leitfadens-fuer-ontario\/\" class=\"link-overlay\"><\/a>\n\t\t\t\t\t<div class=\"moby-set-pillar-kanada\" style=\"text-align:left\">\n\t\t\t\t\t\t\t\t\t\t\t\t\t<div class=\"sfeerbeeld\" style=\"background-image:url(https:\/\/mobycon.com\/wp-content\/uploads\/2024\/06\/1717580685240-67bc0777-9dba-4146-9f36-9caba9d715e0_38-500x230.jpg);\"><\/div>\n\t\t\t\t\t\t\t\t\t\t\t\t\t\t\t\t\t\t\t<div class=\"opdrachtgever-logo\" style=\"background-image:url(https:\/\/mobycon.com\/wp-content\/uploads\/2023\/12\/canada.png);\"><\/div>\n\t\t\t\t\t\t\t\t\t\t\t\t<div class=\"inset-large\">\n\t\t\t\t\t\t\t\t\t\t\t\t\t\t<p>Entwicklung eines multimodalen Service-Level-Leitfadens f\u00fcr Ontario<\/p>\n\t\t\t\t\t\t\t<div class=\"stack-medium tag_list\"><a href=\"https:\/\/mobycon.com\/de\/tag\/dienstleistungsniveau\/\">Dienstleistungsniveau<\/a><a href=\"https:\/\/mobycon.com\/de\/tag\/netzwerkplanung\/\">Netzwerkplanung<\/a><a href=\"https:\/\/mobycon.com\/de\/tag\/verkehrssicherheit\/\">Verkehrssicherheit<\/a><\/div><\/div>\n\t\t\t\t\t<\/div>\n\t\t\t\t<\/div>\n\t\t\t\t<div class=\"overview-item handle-hoverstack background-white card-shadow-hover flex-card card-third card-list-item\">\n\t\t\t\t\t<a href=\"https:\/\/mobycon.com\/de\/referenties\/studienreise-von-nordwest-arkansas-in-die-niederlande\/\" class=\"link-overlay\"><\/a>\n\t\t\t\t\t<div class=\"moby-set-pillar-usa-de\" style=\"text-align:left\">\n\t\t\t\t\t\t\t\t\t\t\t\t\t<div class=\"sfeerbeeld\" style=\"background-image:url(https:\/\/mobycon.com\/wp-content\/uploads\/2024\/06\/qFcWk8jc-500x230.jpeg);\"><\/div>\n\t\t\t\t\t\t\t\t\t\t\t\t\t\t\t\t\t\t\t<div class=\"opdrachtgever-logo\" style=\"background-image:url(https:\/\/mobycon.com\/wp-content\/uploads\/2023\/12\/US.png);\"><\/div>\n\t\t\t\t\t\t\t\t\t\t\t\t<div class=\"inset-large\">\n\t\t\t\t\t\t\t\t\t\t\t\t\t\t<p>Studienreise von Nordwest-Arkansas in die Niederlande<\/p>\n\t\t\t\t\t\t\t<div class=\"stack-medium tag_list\"><a href=\"https:\/\/mobycon.com\/de\/tag\/mobilitat\/\">Mobilit\u00e4t<\/a><\/div><\/div>\n\t\t\t\t\t<\/div>\n\t\t\t\t<\/div>\n\t\t\t\t<div class=\"overview-item handle-hoverstack background-white card-shadow-hover flex-card card-third card-list-item\">\n\t\t\t\t\t<a href=\"https:\/\/mobycon.com\/de\/referenties\/planung-von-shared-streets-amherst-new-hampshire\/\" class=\"link-overlay\"><\/a>\n\t\t\t\t\t<div class=\"moby-set-pillar-usa-de\" style=\"text-align:left\">\n\t\t\t\t\t\t\t\t\t\t\t\t\t<div class=\"sfeerbeeld\" style=\"background-image:url(https:\/\/mobycon.com\/wp-content\/uploads\/2024\/06\/Eric-1-Space-allocation-500x230.jpg);\"><\/div>\n\t\t\t\t\t\t\t\t\t\t\t\t\t\t\t\t\t\t\t<div class=\"opdrachtgever-logo\" style=\"background-image:url(https:\/\/mobycon.com\/wp-content\/uploads\/2023\/12\/US.png);\"><\/div>\n\t\t\t\t\t\t\t\t\t\t\t\t<div class=\"inset-large\">\n\t\t\t\t\t\t\t\t\t\t\t\t\t\t<p>Planung von \u201cShared Streets\u201d, Amherst, New Hampshire<\/p>\n\t\t\t\t\t\t\t<div class=\"stack-medium tag_list\"><a href=\"https:\/\/mobycon.com\/de\/tag\/offentliche-raume\/\">\u00d6ffentliche R\u00e4ume<\/a><a href=\"https:\/\/mobycon.com\/de\/tag\/urbanes-mobilitatsdesign\/\">Urbanes Mobilit\u00e4tsdesign<\/a><\/div><\/div>\n\t\t\t\t\t<\/div>\n\t\t\t\t<\/div>\n\t\t\t\t\t<\/div>\n\t\t<div class=\"wp-block-buttons is-content-justification-center is-layout-flex wp-block-buttons-is-layout-flex\">\n\t\t\t<div class=\"wp-block-button\"><a class=\"wp-block-button__link wp-element-button\" href=\"\/references\/\">All references<\/a><\/div>\n\t\t<\/div>\n\n\t<\/div>\n<\/div>\n","protected":false},"excerpt":{"rendered":"<p>Wir bei Mobycon sind der Meinung, dass man am besten versteht, was das niederl\u00e4ndische Mobilit\u00e4tssystem so erfolgreich macht, wenn man es selbst erlebt.<\/p>\n","protected":false},"author":8,"featured_media":0,"parent":6733,"menu_order":5,"comment_status":"closed","ping_status":"closed","template":"tpl-home-gutenberg.php","meta":{"_acf_changed":false,"inline_featured_image":false,"footnotes":""},"services_taxonomy":[],"class_list":["post-7017","page","type-page","status-publish","hentry"],"acf":{"kleur":"","icoon":""},"yoast_head":"<!-- This site is optimized with the Yoast SEO plugin v27.1.1 - https:\/\/yoast.com\/product\/yoast-seo-wordpress\/ -->\n<title>Exkursionen - Mobycon<\/title>\n<meta name=\"robots\" content=\"index, follow, max-snippet:-1, max-image-preview:large, max-video-preview:-1\" \/>\n<link rel=\"canonical\" href=\"https:\/\/mobycon.com\/de\/was-wir-tun\/exkursionen\/\" \/>\n<meta property=\"og:locale\" content=\"de_DE\" \/>\n<meta property=\"og:type\" content=\"article\" \/>\n<meta property=\"og:title\" content=\"Exkursionen - Mobycon\" \/>\n<meta property=\"og:description\" content=\"Wir bei Mobycon sind der Meinung, dass man am besten versteht, was das niederl\u00e4ndische Mobilit\u00e4tssystem so erfolgreich macht, wenn man es selbst erlebt.\" \/>\n<meta property=\"og:url\" content=\"https:\/\/mobycon.com\/de\/was-wir-tun\/exkursionen\/\" \/>\n<meta property=\"og:site_name\" content=\"Mobycon\" \/>\n<meta property=\"article:modified_time\" content=\"2024-03-24T15:53:09+00:00\" \/>\n<meta property=\"og:image\" content=\"https:\/\/mobycon.com\/wp-content\/uploads\/2023\/12\/IMG_3303-4.jpg\" \/>\n<meta name=\"twitter:card\" content=\"summary_large_image\" \/>\n<script type=\"application\/ld+json\" class=\"yoast-schema-graph\">{\"@context\":\"https:\/\/schema.org\",\"@graph\":[{\"@type\":\"WebPage\",\"@id\":\"https:\/\/mobycon.com\/de\/was-wir-tun\/exkursionen\/\",\"url\":\"https:\/\/mobycon.com\/de\/was-wir-tun\/exkursionen\/\",\"name\":\"Exkursionen - Mobycon\",\"isPartOf\":{\"@id\":\"https:\/\/mobycon.com\/de\/#website\"},\"primaryImageOfPage\":{\"@id\":\"https:\/\/mobycon.com\/de\/was-wir-tun\/exkursionen\/#primaryimage\"},\"image\":{\"@id\":\"https:\/\/mobycon.com\/de\/was-wir-tun\/exkursionen\/#primaryimage\"},\"thumbnailUrl\":\"https:\/\/mobycon.com\/wp-content\/uploads\/2023\/12\/IMG_3303-4.jpg\",\"datePublished\":\"2017-05-22T11:52:01+00:00\",\"dateModified\":\"2024-03-24T15:53:09+00:00\",\"breadcrumb\":{\"@id\":\"https:\/\/mobycon.com\/de\/was-wir-tun\/exkursionen\/#breadcrumb\"},\"inLanguage\":\"de\",\"potentialAction\":[{\"@type\":\"ReadAction\",\"target\":[\"https:\/\/mobycon.com\/de\/was-wir-tun\/exkursionen\/\"]}]},{\"@type\":\"ImageObject\",\"inLanguage\":\"de\",\"@id\":\"https:\/\/mobycon.com\/de\/was-wir-tun\/exkursionen\/#primaryimage\",\"url\":\"https:\/\/mobycon.com\/wp-content\/uploads\/2023\/12\/IMG_3303-4.jpg\",\"contentUrl\":\"https:\/\/mobycon.com\/wp-content\/uploads\/2023\/12\/IMG_3303-4.jpg\"},{\"@type\":\"BreadcrumbList\",\"@id\":\"https:\/\/mobycon.com\/de\/was-wir-tun\/exkursionen\/#breadcrumb\",\"itemListElement\":[{\"@type\":\"ListItem\",\"position\":1,\"name\":\"Home\",\"item\":\"https:\/\/mobycon.com\/de\/\"},{\"@type\":\"ListItem\",\"position\":2,\"name\":\"Was wir tun\",\"item\":\"https:\/\/mobycon.com\/de\/was-wir-tun\/\"},{\"@type\":\"ListItem\",\"position\":3,\"name\":\"Exkursionen\"}]},{\"@type\":\"WebSite\",\"@id\":\"https:\/\/mobycon.com\/de\/#website\",\"url\":\"https:\/\/mobycon.com\/de\/\",\"name\":\"Mobycon\",\"description\":\"Mobility Happiness\",\"potentialAction\":[{\"@type\":\"SearchAction\",\"target\":{\"@type\":\"EntryPoint\",\"urlTemplate\":\"https:\/\/mobycon.com\/de\/?s={search_term_string}\"},\"query-input\":{\"@type\":\"PropertyValueSpecification\",\"valueRequired\":true,\"valueName\":\"search_term_string\"}}],\"inLanguage\":\"de\"}]}<\/script>\n<!-- \/ Yoast SEO plugin. -->","yoast_head_json":{"title":"Exkursionen - Mobycon","robots":{"index":"index","follow":"follow","max-snippet":"max-snippet:-1","max-image-preview":"max-image-preview:large","max-video-preview":"max-video-preview:-1"},"canonical":"https:\/\/mobycon.com\/de\/was-wir-tun\/exkursionen\/","og_locale":"de_DE","og_type":"article","og_title":"Exkursionen - Mobycon","og_description":"Wir bei Mobycon sind der Meinung, dass man am besten versteht, was das niederl\u00e4ndische Mobilit\u00e4tssystem so erfolgreich macht, wenn man es selbst erlebt.","og_url":"https:\/\/mobycon.com\/de\/was-wir-tun\/exkursionen\/","og_site_name":"Mobycon","article_modified_time":"2024-03-24T15:53:09+00:00","og_image":[{"url":"https:\/\/mobycon.com\/wp-content\/uploads\/2023\/12\/IMG_3303-4.jpg","type":"","width":"","height":""}],"twitter_card":"summary_large_image","schema":{"@context":"https:\/\/schema.org","@graph":[{"@type":"WebPage","@id":"https:\/\/mobycon.com\/de\/was-wir-tun\/exkursionen\/","url":"https:\/\/mobycon.com\/de\/was-wir-tun\/exkursionen\/","name":"Exkursionen - Mobycon","isPartOf":{"@id":"https:\/\/mobycon.com\/de\/#website"},"primaryImageOfPage":{"@id":"https:\/\/mobycon.com\/de\/was-wir-tun\/exkursionen\/#primaryimage"},"image":{"@id":"https:\/\/mobycon.com\/de\/was-wir-tun\/exkursionen\/#primaryimage"},"thumbnailUrl":"https:\/\/mobycon.com\/wp-content\/uploads\/2023\/12\/IMG_3303-4.jpg","datePublished":"2017-05-22T11:52:01+00:00","dateModified":"2024-03-24T15:53:09+00:00","breadcrumb":{"@id":"https:\/\/mobycon.com\/de\/was-wir-tun\/exkursionen\/#breadcrumb"},"inLanguage":"de","potentialAction":[{"@type":"ReadAction","target":["https:\/\/mobycon.com\/de\/was-wir-tun\/exkursionen\/"]}]},{"@type":"ImageObject","inLanguage":"de","@id":"https:\/\/mobycon.com\/de\/was-wir-tun\/exkursionen\/#primaryimage","url":"https:\/\/mobycon.com\/wp-content\/uploads\/2023\/12\/IMG_3303-4.jpg","contentUrl":"https:\/\/mobycon.com\/wp-content\/uploads\/2023\/12\/IMG_3303-4.jpg"},{"@type":"BreadcrumbList","@id":"https:\/\/mobycon.com\/de\/was-wir-tun\/exkursionen\/#breadcrumb","itemListElement":[{"@type":"ListItem","position":1,"name":"Home","item":"https:\/\/mobycon.com\/de\/"},{"@type":"ListItem","position":2,"name":"Was wir tun","item":"https:\/\/mobycon.com\/de\/was-wir-tun\/"},{"@type":"ListItem","position":3,"name":"Exkursionen"}]},{"@type":"WebSite","@id":"https:\/\/mobycon.com\/de\/#website","url":"https:\/\/mobycon.com\/de\/","name":"Mobycon","description":"Mobility Happiness","potentialAction":[{"@type":"SearchAction","target":{"@type":"EntryPoint","urlTemplate":"https:\/\/mobycon.com\/de\/?s={search_term_string}"},"query-input":{"@type":"PropertyValueSpecification","valueRequired":true,"valueName":"search_term_string"}}],"inLanguage":"de"}]}},"_links":{"self":[{"href":"https:\/\/mobycon.com\/de\/wp-json\/wp\/v2\/pages\/7017","targetHints":{"allow":["GET"]}}],"collection":[{"href":"https:\/\/mobycon.com\/de\/wp-json\/wp\/v2\/pages"}],"about":[{"href":"https:\/\/mobycon.com\/de\/wp-json\/wp\/v2\/types\/page"}],"author":[{"embeddable":true,"href":"https:\/\/mobycon.com\/de\/wp-json\/wp\/v2\/users\/8"}],"replies":[{"embeddable":true,"href":"https:\/\/mobycon.com\/de\/wp-json\/wp\/v2\/comments?post=7017"}],"version-history":[{"count":1,"href":"https:\/\/mobycon.com\/de\/wp-json\/wp\/v2\/pages\/7017\/revisions"}],"predecessor-version":[{"id":7018,"href":"https:\/\/mobycon.com\/de\/wp-json\/wp\/v2\/pages\/7017\/revisions\/7018"}],"up":[{"embeddable":true,"href":"https:\/\/mobycon.com\/de\/wp-json\/wp\/v2\/pages\/6733"}],"wp:attachment":[{"href":"https:\/\/mobycon.com\/de\/wp-json\/wp\/v2\/media?parent=7017"}],"wp:term":[{"taxonomy":"services","embeddable":true,"href":"https:\/\/mobycon.com\/de\/wp-json\/wp\/v2\/services_taxonomy?post=7017"}],"curies":[{"name":"wp","href":"https:\/\/api.w.org\/{rel}","templated":true}]}}